{"id":59,"date":"2014-08-03T19:28:16","date_gmt":"2014-08-03T17:28:16","guid":{"rendered":"http:\/\/www.eslovsflygklubb.se\/?page_id=59"},"modified":"2026-04-30T16:39:16","modified_gmt":"2026-04-30T14:39:16","slug":"vara-flygplan","status":"publish","type":"page","link":"https:\/\/eslovsflygklubb.se\/?page_id=59","title":{"rendered":"V\u00e5ra flygplan"},"content":{"rendered":"<h4>SE-IFZ \u00a0 \u00a0<strong>Cessna 152 \u00a0 \u00a0<\/strong><strong>Skol och Privatflyg<\/strong><a href=\"http:\/\/www.eslovsflygklubb.se\/wp-content\/uploads\/2014\/08\/SE-IFZ.jpg\"><img loading=\"lazy\" decoding=\"async\" class=\"wp-image-60 alignleft\" src=\"http:\/\/www.eslovsflygklubb.se\/wp-content\/uploads\/2014\/08\/SE-IFZ-300x175.jpg\" alt=\"SE-IFZ\" width=\"430\" height=\"251\" srcset=\"https:\/\/eslovsflygklubb.se\/wp-content\/uploads\/2014\/08\/SE-IFZ-300x175.jpg 300w, https:\/\/eslovsflygklubb.se\/wp-content\/uploads\/2014\/08\/SE-IFZ-1024x597.jpg 1024w, https:\/\/eslovsflygklubb.se\/wp-content\/uploads\/2014\/08\/SE-IFZ-700x408.jpg 700w, https:\/\/eslovsflygklubb.se\/wp-content\/uploads\/2014\/08\/SE-IFZ-940x548.jpg 940w, https:\/\/eslovsflygklubb.se\/wp-content\/uploads\/2014\/08\/SE-IFZ.jpg 1600w\" sizes=\"auto, (max-width: 430px) 100vw, 430px\" \/><\/a><\/h4>\n<p><strong>\u00a0 \u00a0 \u00a0<\/strong><\/p>\n<h4>SE-GKF \u00a0 \u00a0Cessna 172 \u00a0 \u00a0Skol och Privatflyg<\/h4>\n<p><a href=\"http:\/\/www.eslovsflygklubb.se\/wp-content\/uploads\/2017\/04\/SEGKF-170419.jpg\" rel=\"attachment wp-att-675\"><img loading=\"lazy\" decoding=\"async\" class=\" wp-image-675\" src=\"http:\/\/www.eslovsflygklubb.se\/wp-content\/uploads\/2017\/04\/SEGKF-170419-1024x768.jpg\" alt=\"SE-GKF mellanlandar i Polen inf\u00f6r hemflygning fr\u00e5n Termikas. 2017-04-19 Piloter Urban Fosseus och Clause Freitag\" width=\"425\" height=\"319\" srcset=\"https:\/\/eslovsflygklubb.se\/wp-content\/uploads\/2017\/04\/SEGKF-170419-1024x768.jpg 1024w, https:\/\/eslovsflygklubb.se\/wp-content\/uploads\/2017\/04\/SEGKF-170419-300x225.jpg 300w, https:\/\/eslovsflygklubb.se\/wp-content\/uploads\/2017\/04\/SEGKF-170419-768x576.jpg 768w, https:\/\/eslovsflygklubb.se\/wp-content\/uploads\/2017\/04\/SEGKF-170419.jpg 2048w\" sizes=\"auto, (max-width: 425px) 100vw, 425px\" \/><\/a><\/p>\n<h4>SE-FXT\u00a0 \u00a0Cessna 172\u00a0 \u00a0Skol och Privatflyg<\/h4>\n<p><a href=\"http:\/\/www.eslovsflygklubb.se\/wp-content\/uploads\/2021\/04\/SE-FXT.jpg\" rel=\"attachment wp-att-2130\"><img loading=\"lazy\" decoding=\"async\" class=\"alignnone wp-image-2130\" src=\"http:\/\/www.eslovsflygklubb.se\/wp-content\/uploads\/2021\/04\/SE-FXT-1024x702.jpg\" alt=\"SE-FXT\" width=\"426\" height=\"292\" srcset=\"https:\/\/eslovsflygklubb.se\/wp-content\/uploads\/2021\/04\/SE-FXT-1024x702.jpg 1024w, https:\/\/eslovsflygklubb.se\/wp-content\/uploads\/2021\/04\/SE-FXT-300x206.jpg 300w, https:\/\/eslovsflygklubb.se\/wp-content\/uploads\/2021\/04\/SE-FXT-768x526.jpg 768w\" sizes=\"auto, (max-width: 426px) 100vw, 426px\" \/><\/a><\/p>\n<h6><a href=\"http:\/\/www.eslovsflygklubb.se\/wp-content\/uploads\/2014\/08\/Bokningsregler-Esl\u00f6vs-Flygklubb-20130718.pdf\">Bokningsregler Esl\u00f6vs Flygklubb 20130718<\/a><\/h6>\n<p><strong>Prislista:<\/strong><\/p>\n<p>Skolpriser \u00e4r inklusive flygl\u00e4rare. Prislistan \u00e4r uppdaterad och g\u00e4ller from 2026-05-01<\/p>\n<table style=\"width: 484px; height: 133px;\" border=\"1\" cellspacing=\"0\" cellpadding=\"0\">\n<tbody>\n<tr>\n<td valign=\"top\" width=\"206\"><b>Normalpris<\/b><\/td>\n<td style=\"text-align: center;\" valign=\"top\" width=\"101\"><b>SE-FXT<\/b><\/td>\n<td style=\"text-align: center;\" valign=\"top\" width=\"97\"><b>SE-GKF<\/b><\/td>\n<td style=\"text-align: center;\" valign=\"top\" width=\"85\"><b>SE-IFZ<\/b><\/td>\n<\/tr>\n<tr>\n<td valign=\"top\" width=\"206\">Privatflyg<\/td>\n<td style=\"text-align: center;\" valign=\"top\" width=\"101\">1800<\/td>\n<td style=\"text-align: center;\" valign=\"top\" width=\"97\"><span style=\"color: #000000;\">1900<\/span><\/td>\n<td style=\"text-align: center;\" valign=\"top\" width=\"85\"><span style=\"color: #000000;\">1600<\/span><\/td>\n<\/tr>\n<tr>\n<td valign=\"top\" width=\"206\">Skolflyg PPL<\/td>\n<td style=\"text-align: center;\" valign=\"top\" width=\"101\">2250<\/td>\n<td style=\"text-align: center;\" valign=\"top\" width=\"97\">2350<\/td>\n<td style=\"text-align: center;\" valign=\"top\" width=\"85\">2150<\/td>\n<\/tr>\n<tr>\n<td valign=\"top\" width=\"206\">Skolning M\u00f6rker<\/td>\n<td style=\"text-align: center;\" valign=\"top\" width=\"101\">2400<\/td>\n<td style=\"text-align: center;\" valign=\"top\" width=\"97\">2500<\/td>\n<td style=\"text-align: center;\" valign=\"top\" width=\"85\">2300<\/td>\n<\/tr>\n<\/tbody>\n<\/table>\n<table style=\"width: 485px; height: 151px;\" border=\"1\" cellspacing=\"0\" cellpadding=\"0\">\n<tbody>\n<tr>\n<td valign=\"top\" width=\"206\"><b>Med Medlemsl\u00e5net\u00a0 \u00a0 \u00a0 \u00a0 \u00a0 \u00a0 \u00a0 \u00a010 Tkr<\/b><\/td>\n<td style=\"text-align: center;\" valign=\"top\" width=\"101\"><b>SE-FXT<\/b><\/td>\n<td style=\"text-align: center;\" valign=\"top\" width=\"97\"><b>SE-GKF<\/b><\/td>\n<td style=\"text-align: center;\" valign=\"top\" width=\"85\"><b>SE-IFZ<\/b><\/td>\n<\/tr>\n<tr>\n<td style=\"text-align: left;\" valign=\"top\" width=\"206\">Privatflyg<\/td>\n<td style=\"text-align: center;\" valign=\"top\" width=\"101\">1700<\/td>\n<td style=\"text-align: center;\" valign=\"top\" width=\"97\"><span style=\"color: #000000;\">1800<\/span><\/td>\n<td style=\"text-align: center;\" valign=\"top\" width=\"85\"><span style=\"color: #000000;\">1500<\/span><\/td>\n<\/tr>\n<tr>\n<td valign=\"top\" width=\"206\">Skolflyg PPL<\/td>\n<td style=\"text-align: center;\" valign=\"top\" width=\"101\">2220<\/td>\n<td style=\"text-align: center;\" valign=\"top\" width=\"97\">2320<\/td>\n<td style=\"text-align: center;\" valign=\"top\" width=\"85\">2130<\/td>\n<\/tr>\n<tr>\n<td valign=\"top\" width=\"206\">Skolning M\u00f6rker<\/td>\n<td style=\"text-align: center;\" valign=\"top\" width=\"101\">2370<\/td>\n<td style=\"text-align: center;\" valign=\"top\" width=\"97\">2470<\/td>\n<td style=\"text-align: center;\" valign=\"top\" width=\"85\">2270<\/td>\n<\/tr>\n<\/tbody>\n<\/table>\n<table style=\"width: 483px; height: 154px;\" border=\"1\" cellspacing=\"0\" cellpadding=\"0\">\n<tbody>\n<tr>\n<td valign=\"top\" width=\"206\"><b>Med Medlemsl\u00e5net\u00a0 \u00a0 \u00a0 \u00a0 \u00a0 \u00a0 \u00a0 \u00a010 Tkr + till\u00e4ggsl\u00e5n 25 Tkr<\/b><\/td>\n<td style=\"text-align: center;\" valign=\"top\" width=\"101\"><b>SE-FXT<\/b><\/td>\n<td style=\"text-align: center;\" valign=\"top\" width=\"97\"><b>SE-GKF<\/b><\/td>\n<td style=\"text-align: center;\" valign=\"top\" width=\"85\"><b>SE-IFZ<\/b><\/td>\n<\/tr>\n<tr>\n<td style=\"text-align: left;\" valign=\"top\" width=\"206\">Privatflyg<\/td>\n<td style=\"text-align: center;\" valign=\"top\" width=\"101\">1650<\/td>\n<td style=\"text-align: center;\" valign=\"top\" width=\"97\">1750<\/td>\n<td style=\"text-align: center;\" valign=\"top\" width=\"85\"><span style=\"color: #000000;\">1450<\/span><\/td>\n<\/tr>\n<tr>\n<td valign=\"top\" width=\"206\">Skolflyg PPL<\/td>\n<td style=\"text-align: center;\" valign=\"top\" width=\"101\">2170<\/td>\n<td style=\"text-align: center;\" valign=\"top\" width=\"97\">2270<\/td>\n<td style=\"text-align: center;\" valign=\"top\" width=\"85\">2070<\/td>\n<\/tr>\n<tr>\n<td valign=\"top\" width=\"206\">Skolning M\u00f6rker<\/td>\n<td style=\"text-align: center;\" valign=\"top\" width=\"101\">2320<\/td>\n<td style=\"text-align: center;\" valign=\"top\" width=\"97\">\u00a02420<\/td>\n<td style=\"text-align: center;\" valign=\"top\" width=\"85\">2230<\/td>\n<\/tr>\n<\/tbody>\n<\/table>\n<table style=\"width: 486px; height: 161px;\" border=\"1\" cellspacing=\"0\" cellpadding=\"0\">\n<tbody>\n<tr>\n<td valign=\"top\" width=\"206\"><b>Med Medlemsl\u00e5net\u00a0 \u00a0 \u00a0 \u00a0 \u00a0 \u00a0 \u00a0 \u00a010 Tkr + till\u00e4ggsl\u00e5n 50 Tkr<\/b><\/td>\n<td style=\"text-align: center;\" valign=\"top\" width=\"101\"><b>SE-FXT<\/b><\/td>\n<td style=\"text-align: center;\" valign=\"top\" width=\"97\"><b>SE-GKF<\/b><\/td>\n<td style=\"text-align: center;\" valign=\"top\" width=\"85\"><b>SE-IFZ<\/b><\/td>\n<\/tr>\n<tr>\n<td style=\"text-align: left;\" valign=\"top\" width=\"206\">Privatflyg<\/td>\n<td style=\"text-align: center;\" valign=\"top\" width=\"101\"><span style=\"color: #000000;\">1600<\/span><\/td>\n<td style=\"text-align: center;\" valign=\"top\" width=\"97\"><span style=\"color: #000000;\">1700<\/span><\/td>\n<td style=\"text-align: center;\" valign=\"top\" width=\"85\"><span style=\"color: #000000;\">1400<\/span><\/td>\n<\/tr>\n<tr>\n<td valign=\"top\" width=\"206\">Skolflyg PPL<\/td>\n<td style=\"text-align: center;\" valign=\"top\" width=\"101\">2120<\/td>\n<td style=\"text-align: center;\" valign=\"top\" width=\"97\">2220<\/td>\n<td style=\"text-align: center;\" valign=\"top\" width=\"85\">2030<\/td>\n<\/tr>\n<tr>\n<td valign=\"top\" width=\"206\">Skolning M\u00f6rker<\/td>\n<td style=\"text-align: center;\" valign=\"top\" width=\"101\">2270<\/td>\n<td style=\"text-align: center;\" valign=\"top\" width=\"97\">2370<\/td>\n<td style=\"text-align: center;\" valign=\"top\" width=\"85\">2170<\/td>\n<\/tr>\n<\/tbody>\n<\/table>\n<p><strong>Kontakta v\u00e5r kass\u00f6r f\u00f6r information om Medlemsl\u00e5n och rabatter.<\/strong><\/p>\n","protected":false},"excerpt":{"rendered":"<p>SE-IFZ \u00a0 \u00a0Cessna 152 \u00a0 \u00a0Skol och Privatflyg \u00a0 \u00a0 \u00a0 SE-GKF \u00a0 \u00a0Cessna 172 \u00a0 \u00a0Skol och Privatflyg SE-FXT\u00a0 \u00a0Cessna 172\u00a0 \u00a0Skol och Privatflyg Bokningsregler Esl\u00f6vs Flygklubb 20130718 Prislista: Skolpriser \u00e4r inklusive flygl\u00e4rare. Prislistan \u00e4r uppdaterad och g\u00e4ller from 2026-05-01 Normalpris SE-FXT SE-GKF SE-IFZ Privatflyg 1800 1900 1600 Skolflyg PPL 2250 2350 2150 Skolning &hellip; <a href=\"https:\/\/eslovsflygklubb.se\/?page_id=59\" class=\"more-link\">Forts\u00e4tt l\u00e4sa <span class=\"screen-reader-text\">V\u00e5ra flygplan<\/span> <span class=\"meta-nav\">&rarr;<\/span><\/a><\/p>\n","protected":false},"author":2,"featured_media":0,"parent":0,"menu_order":0,"comment_status":"closed","ping_status":"closed","template":"","meta":{"footnotes":""},"class_list":["post-59","page","type-page","status-publish","hentry"],"_links":{"self":[{"href":"https:\/\/eslovsflygklubb.se\/index.php?rest_route=\/wp\/v2\/pages\/59","targetHints":{"allow":["GET"]}}],"collection":[{"href":"https:\/\/eslovsflygklubb.se\/index.php?rest_route=\/wp\/v2\/pages"}],"about":[{"href":"https:\/\/eslovsflygklubb.se\/index.php?rest_route=\/wp\/v2\/types\/page"}],"author":[{"embeddable":true,"href":"https:\/\/eslovsflygklubb.se\/index.php?rest_route=\/wp\/v2\/users\/2"}],"replies":[{"embeddable":true,"href":"https:\/\/eslovsflygklubb.se\/index.php?rest_route=%2Fwp%2Fv2%2Fcomments&post=59"}],"version-history":[{"count":26,"href":"https:\/\/eslovsflygklubb.se\/index.php?rest_route=\/wp\/v2\/pages\/59\/revisions"}],"predecessor-version":[{"id":2929,"href":"https:\/\/eslovsflygklubb.se\/index.php?rest_route=\/wp\/v2\/pages\/59\/revisions\/2929"}],"wp:attachment":[{"href":"https:\/\/eslovsflygklubb.se\/index.php?rest_route=%2Fwp%2Fv2%2Fmedia&parent=59"}],"curies":[{"name":"wp","href":"https:\/\/api.w.org\/{rel}","templated":true}]}}