{"id":474,"date":"2016-01-01T13:09:25","date_gmt":"2016-01-01T12:09:25","guid":{"rendered":"http:\/\/www.eslovsflygklubb.se\/?page_id=474"},"modified":"2025-12-31T14:31:51","modified_gmt":"2025-12-31T13:31:51","slug":"flygtid","status":"publish","type":"page","link":"https:\/\/eslovsflygklubb.se\/?page_id=474","title":{"rendered":"Flygtid"},"content":{"rendered":"<h3><span style=\"color: #000000;\">FlygIndex<\/span><\/h3>\n<p><em>V\u00e5rt FlygIndex m\u00e4ter Flygtid i j\u00e4mf\u00f6relse med f\u00f6reg\u00e5ende \u00e5r\/resp. m\u00e5nad.<\/em><\/p>\n<h3><\/h3>\n<h3>2025<\/h3>\n<p>Det v\u00e4nder sakta tillbaka med skolning. Nytt f\u00f6r \u00e5ret Brandflyg. M\u00f6rkerskolning med dubbla kurser \ud83d\ude42<\/p>\n<p><a href=\"https:\/\/eslovsflygklubb.se\/wp-content\/uploads\/2025\/12\/flygtid-dec-2025.jpg\"><img loading=\"lazy\" decoding=\"async\" class=\"alignnone size-full wp-image-2896\" src=\"https:\/\/eslovsflygklubb.se\/wp-content\/uploads\/2025\/12\/flygtid-dec-2025.jpg\" alt=\"\" width=\"673\" height=\"495\" srcset=\"https:\/\/eslovsflygklubb.se\/wp-content\/uploads\/2025\/12\/flygtid-dec-2025.jpg 673w, https:\/\/eslovsflygklubb.se\/wp-content\/uploads\/2025\/12\/flygtid-dec-2025-300x221.jpg 300w\" sizes=\"auto, (max-width: 673px) 100vw, 673px\" \/><\/a><\/p>\n<h3><\/h3>\n<h3><\/h3>\n<h3>2021<\/h3>\n<p>Flygtiden v\u00e4nde och \u00e4ven skolningen. Endast cirka 65 timmar fr\u00e5n f\u00f6reg\u00e5ende rekordet 2018! Notera Juli m\u00e5nad under \u00e5ret med 165.4h. FXT fick vi hem i April och f\u00f6rst\u00e4rkte upp v\u00e5r flotta. M\u00f6rkerm\u00e5naderna \u00f6kade ocks\u00e5 \ud83d\ude42<\/p>\n<p><strong>\u00c5rets flygare i EFK blev:<\/strong><\/p>\n<p>Guldvingen\u00a0 \u00a0Peter Hellstr\u00f6m<\/p>\n<p>Silvervingen\u00a0 J\u00f6rgen Prahl<\/p>\n<p>Bronsvingen\u00a0 Martin Berntsson<\/p>\n<figure id=\"attachment_2286\" aria-describedby=\"caption-attachment-2286\" style=\"width: 825px\" class=\"wp-caption alignnone\"><a href=\"http:\/\/www.eslovsflygklubb.se\/wp-content\/uploads\/2021\/12\/flygtid-2021.png\"><img loading=\"lazy\" decoding=\"async\" class=\"size-full wp-image-2286\" src=\"http:\/\/www.eslovsflygklubb.se\/wp-content\/uploads\/2021\/12\/flygtid-2021.png\" alt=\"\" width=\"825\" height=\"613\" srcset=\"https:\/\/eslovsflygklubb.se\/wp-content\/uploads\/2021\/12\/flygtid-2021.png 825w, https:\/\/eslovsflygklubb.se\/wp-content\/uploads\/2021\/12\/flygtid-2021-300x223.png 300w, https:\/\/eslovsflygklubb.se\/wp-content\/uploads\/2021\/12\/flygtid-2021-768x571.png 768w\" sizes=\"auto, (max-width: 825px) 100vw, 825px\" \/><\/a><figcaption id=\"caption-attachment-2286\" class=\"wp-caption-text\">Flygtidstatistik 2021<\/figcaption><\/figure>\n<h3>2020<\/h3>\n<p>F\u00f6rsiktigt v\u00e4nde vi upp\u00e5t igen mot f\u00f6reg\u00e5ende \u00e5r. Skolflyget fick fler elever upp i luften med flera EK flygningar under h\u00f6sten. Att notera var rekordm\u00e5naden i Augusti med 152.2 tim<\/p>\n<p><strong>\u00c5rets flygare i EFK blev:<\/strong><\/p>\n<p>Guldvingen\u00a0 \u00a0Peter Hellstr\u00f6m<\/p>\n<p>Silvervingen\u00a0 J\u00f6rgen Prahl<\/p>\n<p>Bronsvingen\u00a0 Andreas S\u00f6der<\/p>\n<p><a href=\"http:\/\/www.eslovsflygklubb.se\/wp-content\/uploads\/2020\/12\/flygtid-2020-1.png\" rel=\"attachment wp-att-2078\"><img loading=\"lazy\" decoding=\"async\" class=\"alignnone size-full wp-image-2078\" src=\"http:\/\/www.eslovsflygklubb.se\/wp-content\/uploads\/2020\/12\/flygtid-2020-1.png\" alt=\"flygtid 2020 v2\" width=\"739\" height=\"553\" srcset=\"https:\/\/eslovsflygklubb.se\/wp-content\/uploads\/2020\/12\/flygtid-2020-1.png 739w, https:\/\/eslovsflygklubb.se\/wp-content\/uploads\/2020\/12\/flygtid-2020-1-300x224.png 300w\" sizes=\"auto, (max-width: 739px) 100vw, 739px\" \/><\/a><\/p>\n<h3><\/h3>\n<h3>2019<\/h3>\n<p>I statistiken\u00a0ser vi en tillbakag\u00e5ng p\u00e5 noterad flygtid under \u00e5ret som gick. Speciellt blev senh\u00f6sten en ovanligt gr\u00e5 period med l\u00e5ga moln och d\u00e5lig sikt.\u00a0 Dock \u00f6verraskar December med flygtid\u00a029.3 timmar. Vi f\u00e5r g\u00e5 tillbaka till 2015 (40.7 tim)\u00a0 i statistiken f\u00f6r att \u00f6vertr\u00e4ffa denna siffra. <strong>Februari blev m\u00e5nadsrekord p\u00e5 5-\u00e5rs perioden med 40.9 tim.<\/strong> Totalt f\u00f6r \u00e5ret:\u00a0647.3 timmar<\/p>\n<h6>\u00c5rets flygare i EFK blev:<\/h6>\n<p>Guldvingen\u00a0 \u00a0 \u00a0Peter Hellstr\u00f6m<\/p>\n<p>Silvervingen\u00a0 \u00a0\u00a0J\u00f6rgen Prahl<\/p>\n<p>Bronsvingen\u00a0 \u00a0Andreas S\u00f6der<\/p>\n<p><a href=\"http:\/\/www.eslovsflygklubb.se\/wp-content\/uploads\/2020\/01\/flygtid-2019.jpg\" rel=\"attachment wp-att-1824\"><img loading=\"lazy\" decoding=\"async\" class=\"alignnone size-full wp-image-1824\" src=\"http:\/\/www.eslovsflygklubb.se\/wp-content\/uploads\/2020\/01\/flygtid-2019.jpg\" alt=\"flygtid 2019\" width=\"916\" height=\"667\" srcset=\"https:\/\/eslovsflygklubb.se\/wp-content\/uploads\/2020\/01\/flygtid-2019.jpg 916w, https:\/\/eslovsflygklubb.se\/wp-content\/uploads\/2020\/01\/flygtid-2019-300x218.jpg 300w, https:\/\/eslovsflygklubb.se\/wp-content\/uploads\/2020\/01\/flygtid-2019-768x559.jpg 768w\" sizes=\"auto, (max-width: 916px) 100vw, 916px\" \/><\/a><\/p>\n<h3><\/h3>\n<h3>2018<\/h3>\n<p><strong>Vi noterar ett rekord\u00e5r med 988 timmar<\/strong> eller en \u00f6kning <strong>+21,9%<\/strong> mot f\u00f6reg\u00e5ende \u00e5r. Privatflygtimmarna \u00f6kade i \u00e5r igen och hamnade p\u00e5 490 timmar. M\u00e5nadsb\u00e4sta blev Juni med 155.2 timmar och ny toppnotering.<\/p>\n<h6>\u00c5rets flygare i EFK blev:<\/h6>\n<p>Guldvingen\u00a0 \u00a0 \u00a0Peter Hellstr\u00f6m<\/p>\n<p>Silvervingen\u00a0 \u00a0\u00a0J\u00f6rgen Prahl<\/p>\n<p>Bronsvingen\u00a0 \u00a0Joaquin Dur\u00e1n Toro<\/p>\n<figure id=\"attachment_1421\" aria-describedby=\"caption-attachment-1421\" style=\"width: 474px\" class=\"wp-caption alignnone\"><a href=\"http:\/\/www.eslovsflygklubb.se\/wp-content\/uploads\/2018\/12\/flygtid-dec-2018.jpg\" rel=\"attachment wp-att-1421\"><img loading=\"lazy\" decoding=\"async\" class=\"size-large wp-image-1421\" src=\"http:\/\/www.eslovsflygklubb.se\/wp-content\/uploads\/2018\/12\/flygtid-dec-2018-1024x759.jpg\" alt=\"Flygtiden f\u00f6r 2018 slutade p\u00e5 988 timmar avrundat eller en \u00f6kning mot f\u00f6reg\u00e5ende \u00e5r p\u00e5 +21,9%\" width=\"474\" height=\"351\" srcset=\"https:\/\/eslovsflygklubb.se\/wp-content\/uploads\/2018\/12\/flygtid-dec-2018-1024x759.jpg 1024w, https:\/\/eslovsflygklubb.se\/wp-content\/uploads\/2018\/12\/flygtid-dec-2018-300x222.jpg 300w, https:\/\/eslovsflygklubb.se\/wp-content\/uploads\/2018\/12\/flygtid-dec-2018-768x569.jpg 768w, https:\/\/eslovsflygklubb.se\/wp-content\/uploads\/2018\/12\/flygtid-dec-2018.jpg 1600w\" sizes=\"auto, (max-width: 474px) 100vw, 474px\" \/><\/a><figcaption id=\"caption-attachment-1421\" class=\"wp-caption-text\">Flygtiden f\u00f6r 2018 slutade p\u00e5 988 timmar avrundat eller en \u00f6kning mot f\u00f6reg\u00e5ende \u00e5r p\u00e5 +21,9%<\/figcaption><\/figure>\n<h3><\/h3>\n<h3>2017<\/h3>\n<p>Med 810.6 timmar fl\u00f6gs v\u00e5ra 3 maskiner under 2017. Juni passerades med 152.5 timmar och blev en ny toppnotering p\u00e5 5-\u00e5rsperioden. Privatflygtimmarna \u00f6kade igen och noterade 457.6 timmar.<\/p>\n<h6>\u00c5rets flygare i EFK blev:<\/h6>\n<p>Guldvingen\u00a0 \u00a0 \u00a0Ilkka Dunder<\/p>\n<p>Silvervingen\u00a0 \u00a0\u00a0J\u00f6rgen Prahl<\/p>\n<p>Bronsvingen\u00a0 \u00a0Peter Hellstr\u00f6m<\/p>\n<p><a href=\"http:\/\/www.eslovsflygklubb.se\/wp-content\/uploads\/2017\/12\/Flygtid-tot-2017.jpg\" rel=\"attachment wp-att-945\"><img loading=\"lazy\" decoding=\"async\" class=\"alignnone size-large wp-image-945\" src=\"http:\/\/www.eslovsflygklubb.se\/wp-content\/uploads\/2017\/12\/Flygtid-tot-2017-1024x749.jpg\" alt=\"Flygtid tot 2017\" width=\"474\" height=\"347\" srcset=\"https:\/\/eslovsflygklubb.se\/wp-content\/uploads\/2017\/12\/Flygtid-tot-2017-1024x749.jpg 1024w, https:\/\/eslovsflygklubb.se\/wp-content\/uploads\/2017\/12\/Flygtid-tot-2017-300x220.jpg 300w, https:\/\/eslovsflygklubb.se\/wp-content\/uploads\/2017\/12\/Flygtid-tot-2017-768x562.jpg 768w, https:\/\/eslovsflygklubb.se\/wp-content\/uploads\/2017\/12\/Flygtid-tot-2017.jpg 1200w\" sizes=\"auto, (max-width: 474px) 100vw, 474px\" \/><\/a><\/p>\n<p><a href=\"http:\/\/www.eslovsflygklubb.se\/wp-content\/uploads\/2017\/12\/MAT20171231-5\u00e5r.jpg\" rel=\"attachment wp-att-946\"><img loading=\"lazy\" decoding=\"async\" class=\"alignnone size-large wp-image-946\" src=\"http:\/\/www.eslovsflygklubb.se\/wp-content\/uploads\/2017\/12\/MAT20171231-5\u00e5r-1024x443.jpg\" alt=\"MAT20171231 5\u00e5r\" width=\"474\" height=\"205\" srcset=\"https:\/\/eslovsflygklubb.se\/wp-content\/uploads\/2017\/12\/MAT20171231-5\u00e5r-1024x443.jpg 1024w, https:\/\/eslovsflygklubb.se\/wp-content\/uploads\/2017\/12\/MAT20171231-5\u00e5r-300x130.jpg 300w, https:\/\/eslovsflygklubb.se\/wp-content\/uploads\/2017\/12\/MAT20171231-5\u00e5r-768x332.jpg 768w, https:\/\/eslovsflygklubb.se\/wp-content\/uploads\/2017\/12\/MAT20171231-5\u00e5r.jpg 1300w\" sizes=\"auto, (max-width: 474px) 100vw, 474px\" \/><\/a><\/p>\n<p>P\u00e5 den r\u00f6rliga 5-\u00e5rsperioden h\u00e5ller statistiken i sig med dubbel oms\u00e4ttning.<\/p>\n<h3>2016<\/h3>\n<p>\u00c5rets flygtid blev n\u00e5got mindre mot f\u00f6reg\u00e5ende \u00e5r. \u00a0Flygtiden slutade p\u00e5 774.8 timmar. Privatflygtimmarna har \u00f6kat. En toppnotering gjordes i juni med\u00a0\u00a0136.9 tim.<\/p>\n<h6>\u00c5rets flygare i EFK blev:<\/h6>\n<p>Guldvingen \u00a0 \u00a0 J\u00f6rgen Prahl<\/p>\n<p>Silvervingen \u00a0 \u00a0Dimitrios Vlastaras<\/p>\n<p>Bronsvingen \u00a0 Ralph Axelsson<\/p>\n<p><a href=\"http:\/\/www.eslovsflygklubb.se\/wp-content\/uploads\/2016\/12\/Flygtid-tot-2016.jpg\" rel=\"attachment wp-att-609\"><img loading=\"lazy\" decoding=\"async\" class=\"alignnone size-full wp-image-609\" src=\"http:\/\/www.eslovsflygklubb.se\/wp-content\/uploads\/2016\/12\/Flygtid-tot-2016.jpg\" alt=\"flygtid-tot-2016\" width=\"918\" height=\"675\" srcset=\"https:\/\/eslovsflygklubb.se\/wp-content\/uploads\/2016\/12\/Flygtid-tot-2016.jpg 918w, https:\/\/eslovsflygklubb.se\/wp-content\/uploads\/2016\/12\/Flygtid-tot-2016-300x221.jpg 300w, https:\/\/eslovsflygklubb.se\/wp-content\/uploads\/2016\/12\/Flygtid-tot-2016-768x565.jpg 768w\" sizes=\"auto, (max-width: 918px) 100vw, 918px\" \/><\/a><a href=\"http:\/\/www.eslovsflygklubb.se\/wp-content\/uploads\/2016\/12\/Flygtid-tot-per-typ-2016.jpg\" rel=\"attachment wp-att-610\"><img loading=\"lazy\" decoding=\"async\" class=\"alignnone size-full wp-image-610\" src=\"http:\/\/www.eslovsflygklubb.se\/wp-content\/uploads\/2016\/12\/Flygtid-tot-per-typ-2016.jpg\" alt=\"flygtid-tot-per-typ-2016\" width=\"937\" height=\"592\" srcset=\"https:\/\/eslovsflygklubb.se\/wp-content\/uploads\/2016\/12\/Flygtid-tot-per-typ-2016.jpg 937w, https:\/\/eslovsflygklubb.se\/wp-content\/uploads\/2016\/12\/Flygtid-tot-per-typ-2016-300x190.jpg 300w, https:\/\/eslovsflygklubb.se\/wp-content\/uploads\/2016\/12\/Flygtid-tot-per-typ-2016-768x485.jpg 768w\" sizes=\"auto, (max-width: 937px) 100vw, 937px\" \/><\/a><\/p>\n<h3><\/h3>\n<h3><\/h3>\n<h3>2015<\/h3>\n<p>Blev ett rekord\u00e5r d\u00e5 vi dubblade flygtiden + lite till mot f\u00f6reg\u00e5ende \u00e5r. Fr\u00e5n 450 timmar till 917 timmar.<\/p>\n<h6>\u00c5rets flygare i EFK blev:<\/h6>\n<p>Guldvingen \u00a0 \u00a0 Peter Hellstr\u00f6m<\/p>\n<p>Silvervingen \u00a0 J\u00f6rgen Prahl<\/p>\n<p>Bronsvingen \u00a0 Ralph Axelsson<\/p>\n<pre><a href=\"http:\/\/www.eslovsflygklubb.se\/wp-content\/uploads\/2016\/01\/Flygtid-tot-2015.jpg\"><img loading=\"lazy\" decoding=\"async\" class=\"alignnone size-large wp-image-475\" src=\"http:\/\/www.eslovsflygklubb.se\/wp-content\/uploads\/2016\/01\/Flygtid-tot-2015-1024x745.jpg\" alt=\"Flygtid tot 2015\" width=\"474\" height=\"345\" srcset=\"https:\/\/eslovsflygklubb.se\/wp-content\/uploads\/2016\/01\/Flygtid-tot-2015-1024x745.jpg 1024w, https:\/\/eslovsflygklubb.se\/wp-content\/uploads\/2016\/01\/Flygtid-tot-2015-300x218.jpg 300w, https:\/\/eslovsflygklubb.se\/wp-content\/uploads\/2016\/01\/Flygtid-tot-2015.jpg 1121w\" sizes=\"auto, (max-width: 474px) 100vw, 474px\" \/><\/a> <a href=\"http:\/\/www.eslovsflygklubb.se\/wp-content\/uploads\/2016\/01\/Flygtid-tot-2015-f\u00f6rdelat-per-typ.jpg\"><img loading=\"lazy\" decoding=\"async\" class=\"alignnone size-large wp-image-476\" src=\"http:\/\/www.eslovsflygklubb.se\/wp-content\/uploads\/2016\/01\/Flygtid-tot-2015-f\u00f6rdelat-per-typ-1024x642.jpg\" alt=\"Flygtid tot 2015 f\u00f6rdelat per typ\" width=\"474\" height=\"297\" srcset=\"https:\/\/eslovsflygklubb.se\/wp-content\/uploads\/2016\/01\/Flygtid-tot-2015-f\u00f6rdelat-per-typ-1024x642.jpg 1024w, https:\/\/eslovsflygklubb.se\/wp-content\/uploads\/2016\/01\/Flygtid-tot-2015-f\u00f6rdelat-per-typ-300x188.jpg 300w, https:\/\/eslovsflygklubb.se\/wp-content\/uploads\/2016\/01\/Flygtid-tot-2015-f\u00f6rdelat-per-typ.jpg 1121w\" sizes=\"auto, (max-width: 474px) 100vw, 474px\" \/><\/a><\/pre>\n","protected":false},"excerpt":{"rendered":"<p>FlygIndex V\u00e5rt FlygIndex m\u00e4ter Flygtid i j\u00e4mf\u00f6relse med f\u00f6reg\u00e5ende \u00e5r\/resp. m\u00e5nad. 2025 Det v\u00e4nder sakta tillbaka med skolning. Nytt f\u00f6r \u00e5ret Brandflyg. M\u00f6rkerskolning med dubbla kurser \ud83d\ude42 2021 Flygtiden v\u00e4nde och \u00e4ven skolningen. Endast cirka 65 timmar fr\u00e5n f\u00f6reg\u00e5ende rekordet 2018! Notera Juli m\u00e5nad under \u00e5ret med 165.4h. FXT fick vi hem i April och &hellip; <a href=\"https:\/\/eslovsflygklubb.se\/?page_id=474\" class=\"more-link\">Forts\u00e4tt l\u00e4sa <span class=\"screen-reader-text\">Flygtid<\/span> <span class=\"meta-nav\">&rarr;<\/span><\/a><\/p>\n","protected":false},"author":2,"featured_media":0,"parent":0,"menu_order":0,"comment_status":"closed","ping_status":"closed","template":"","meta":{"footnotes":""},"class_list":["post-474","page","type-page","status-publish","hentry"],"_links":{"self":[{"href":"https:\/\/eslovsflygklubb.se\/index.php?rest_route=\/wp\/v2\/pages\/474","targetHints":{"allow":["GET"]}}],"collection":[{"href":"https:\/\/eslovsflygklubb.se\/index.php?rest_route=\/wp\/v2\/pages"}],"about":[{"href":"https:\/\/eslovsflygklubb.se\/index.php?rest_route=\/wp\/v2\/types\/page"}],"author":[{"embeddable":true,"href":"https:\/\/eslovsflygklubb.se\/index.php?rest_route=\/wp\/v2\/users\/2"}],"replies":[{"embeddable":true,"href":"https:\/\/eslovsflygklubb.se\/index.php?rest_route=%2Fwp%2Fv2%2Fcomments&post=474"}],"version-history":[{"count":45,"href":"https:\/\/eslovsflygklubb.se\/index.php?rest_route=\/wp\/v2\/pages\/474\/revisions"}],"predecessor-version":[{"id":2897,"href":"https:\/\/eslovsflygklubb.se\/index.php?rest_route=\/wp\/v2\/pages\/474\/revisions\/2897"}],"wp:attachment":[{"href":"https:\/\/eslovsflygklubb.se\/index.php?rest_route=%2Fwp%2Fv2%2Fmedia&parent=474"}],"curies":[{"name":"wp","href":"https:\/\/api.w.org\/{rel}","templated":true}]}}