{"id":2764,"date":"2024-06-19T19:03:00","date_gmt":"2024-06-19T17:03:00","guid":{"rendered":"https:\/\/eslovsflygklubb.se\/?page_id=2764"},"modified":"2024-07-19T14:10:37","modified_gmt":"2024-07-19T12:10:37","slug":"supporter-medlem","status":"publish","type":"page","link":"https:\/\/eslovsflygklubb.se\/?page_id=2764","title":{"rendered":"Supporter medlem"},"content":{"rendered":"\n<p>Hej och v\u00e4lkommen till Esl\u00f6vs Flygklubbs aktiviteter f\u00f6r dig som \u00e4r nyfiken p\u00e5 flyg och flygplan men som kanske inte vill ta steget och ta ett eget flygcertifikat.<\/p>\n\n\n\n<p>Esl\u00f6vs Flygklubb \u00e4r en ideell f\u00f6rening och drivs av engagerade medlemmar som brinner f\u00f6r sitt flygintresse. Kanske du bes\u00f6kte v\u00e5r Flyg och Familjedag den 29 juni?<\/p>\n\n\n\n<p>Detta evenemang skapades helt av ideella krafter som f\u00f6renades och omvandlade en id\u00e9 till verklighet. Id\u00e9erna spann vidare och vi vet att det finns fler nyfikna som g\u00e4rna vill vara med. Vi g\u00f6r den h\u00e4r resan tillsammans och f\u00f6rslag p\u00e5 aktiviteter kan vara:<\/p>\n\n\n\n<ul class=\"wp-block-list\">\n<li>F\u00f6rel\u00e4sningskv\u00e4llar med flygtema<\/li>\n\n\n\n<li>F\u00f6lja med p\u00e5 dagsutflykt med v\u00e5ra piloter (sj\u00e4lvkostnadspris enligt cost share modell)<\/li>\n\n\n\n<li>Fika i gr\u00f6ngr\u00e4set och spana p\u00e5 olika flygplan<\/li>\n<\/ul>\n\n\n\n<p>Listan kan g\u00f6ras l\u00e5ng eller kort. Ovan \u00e4r endast f\u00f6rslag.<\/p>\n\n\n\n<p>Supporter medlemskap kostar 150:- per kalender\u00e5r. Scanna nedanst\u00e5ende QR kod s\u00e5 kommer du till ett formul\u00e4r d\u00e4r du fyller i intresseanm\u00e4lan. Vi \u00e5terkommer i Augusti.<\/p>\n\n\n\n<figure class=\"wp-block-image size-full is-resized\"><a href=\"https:\/\/eslovsflygklubb.se\/wp-content\/uploads\/2024\/06\/Supporter-medlem-EFK.png\"><img loading=\"lazy\" decoding=\"async\" width=\"1023\" height=\"1023\" src=\"https:\/\/eslovsflygklubb.se\/wp-content\/uploads\/2024\/06\/Supporter-medlem-EFK.png\" alt=\"\" class=\"wp-image-2766\" style=\"width:397px;height:auto\" srcset=\"https:\/\/eslovsflygklubb.se\/wp-content\/uploads\/2024\/06\/Supporter-medlem-EFK.png 1023w, https:\/\/eslovsflygklubb.se\/wp-content\/uploads\/2024\/06\/Supporter-medlem-EFK-300x300.png 300w, https:\/\/eslovsflygklubb.se\/wp-content\/uploads\/2024\/06\/Supporter-medlem-EFK-150x150.png 150w, https:\/\/eslovsflygklubb.se\/wp-content\/uploads\/2024\/06\/Supporter-medlem-EFK-768x768.png 768w\" sizes=\"auto, (max-width: 1023px) 100vw, 1023px\" \/><\/a><figcaption class=\"wp-element-caption\">H\u00e4r fyller du i kontaktuppgifter och intresseanm\u00e4lan till Supporter medlemskap<\/figcaption><\/figure>\n\n\n\n<p>alternativt finns formul\u00e4ret p\u00e5 denna l\u00e4nk <a href=\"https:\/\/forms.gle\/oEvDS82B1J21BFTy5\" target=\"_blank\" rel=\"noreferrer noopener\">https:\/\/forms.gle\/oEvDS82B1J21BFTy5<\/a><\/p>\n\n\n\n<figure class=\"wp-block-image size-large\"><a href=\"https:\/\/eslovsflygklubb.se\/wp-content\/uploads\/2023\/10\/oppet-hus-7-okt.jpg\"><img loading=\"lazy\" decoding=\"async\" width=\"1024\" height=\"768\" src=\"https:\/\/eslovsflygklubb.se\/wp-content\/uploads\/2023\/10\/oppet-hus-7-okt-1024x768.jpg\" alt=\"\" class=\"wp-image-2691\" srcset=\"https:\/\/eslovsflygklubb.se\/wp-content\/uploads\/2023\/10\/oppet-hus-7-okt-1024x768.jpg 1024w, https:\/\/eslovsflygklubb.se\/wp-content\/uploads\/2023\/10\/oppet-hus-7-okt-300x225.jpg 300w, https:\/\/eslovsflygklubb.se\/wp-content\/uploads\/2023\/10\/oppet-hus-7-okt-768x576.jpg 768w, https:\/\/eslovsflygklubb.se\/wp-content\/uploads\/2023\/10\/oppet-hus-7-okt-1536x1152.jpg 1536w, https:\/\/eslovsflygklubb.se\/wp-content\/uploads\/2023\/10\/oppet-hus-7-okt.jpg 2016w\" sizes=\"auto, (max-width: 1024px) 100vw, 1024px\" \/><\/a><\/figure>\n","protected":false},"excerpt":{"rendered":"<p>Hej och v\u00e4lkommen till Esl\u00f6vs Flygklubbs aktiviteter f\u00f6r dig som \u00e4r nyfiken p\u00e5 flyg och flygplan men som kanske inte vill ta steget och ta ett eget flygcertifikat. Esl\u00f6vs Flygklubb \u00e4r en ideell f\u00f6rening och drivs av engagerade medlemmar som brinner f\u00f6r sitt flygintresse. Kanske du bes\u00f6kte v\u00e5r Flyg och Familjedag den 29 juni? Detta &hellip; <a href=\"https:\/\/eslovsflygklubb.se\/?page_id=2764\" class=\"more-link\">Forts\u00e4tt l\u00e4sa <span class=\"screen-reader-text\">Supporter medlem<\/span> <span class=\"meta-nav\">&rarr;<\/span><\/a><\/p>\n","protected":false},"author":2,"featured_media":0,"parent":0,"menu_order":0,"comment_status":"closed","ping_status":"closed","template":"","meta":{"footnotes":""},"class_list":["post-2764","page","type-page","status-publish","hentry"],"_links":{"self":[{"href":"https:\/\/eslovsflygklubb.se\/index.php?rest_route=\/wp\/v2\/pages\/2764","targetHints":{"allow":["GET"]}}],"collection":[{"href":"https:\/\/eslovsflygklubb.se\/index.php?rest_route=\/wp\/v2\/pages"}],"about":[{"href":"https:\/\/eslovsflygklubb.se\/index.php?rest_route=\/wp\/v2\/types\/page"}],"author":[{"embeddable":true,"href":"https:\/\/eslovsflygklubb.se\/index.php?rest_route=\/wp\/v2\/users\/2"}],"replies":[{"embeddable":true,"href":"https:\/\/eslovsflygklubb.se\/index.php?rest_route=%2Fwp%2Fv2%2Fcomments&post=2764"}],"version-history":[{"count":5,"href":"https:\/\/eslovsflygklubb.se\/index.php?rest_route=\/wp\/v2\/pages\/2764\/revisions"}],"predecessor-version":[{"id":2792,"href":"https:\/\/eslovsflygklubb.se\/index.php?rest_route=\/wp\/v2\/pages\/2764\/revisions\/2792"}],"wp:attachment":[{"href":"https:\/\/eslovsflygklubb.se\/index.php?rest_route=%2Fwp%2Fv2%2Fmedia&parent=2764"}],"curies":[{"name":"wp","href":"https:\/\/api.w.org\/{rel}","templated":true}]}}