{"id":23,"date":"2014-02-18T10:41:43","date_gmt":"2014-02-18T09:41:43","guid":{"rendered":"http:\/\/www.eslovsflygklubb.se\/?page_id=23"},"modified":"2026-04-25T14:21:06","modified_gmt":"2026-04-25T12:21:06","slug":"eslovs-flygklubb-styrelse-kontaktinfo","status":"publish","type":"page","link":"https:\/\/eslovsflygklubb.se\/?page_id=23","title":{"rendered":"Esl\u00f6vs Flygklubb Kontaktinfo"},"content":{"rendered":"<h6>\u00a0Esl\u00f6vs Flygklubb<\/h6>\n<table id=\"table_1\" style=\"width: 716px; height: 531px;\" cellspacing=\"0\" cellpadding=\"0\">\n<tbody>\n<tr id=\"table_1_R01\">\n<td id=\"table_1_R01C01\"><strong>Esl\u00f6vs Flygklubb<\/strong><\/td>\n<td id=\"table_1_R01C02\"><strong>info(at)eslovsflygklubb.se<\/strong><\/td>\n<td id=\"table_1_R01C03\"><\/td>\n<td id=\"table_1_R01C04\"><\/td>\n<td id=\"table_1_R01C05\"><\/td>\n<\/tr>\n<tr id=\"table_1_R02\">\n<td id=\"table_1_R02C01\">Presentkort Spaka Sj\u00e4lv och Introduktionsflyg<\/td>\n<td id=\"table_1_R02C02\">kassor(at)eslovsflygklubb.se<\/td>\n<td id=\"table_1_R02C03\"><\/td>\n<td id=\"table_1_R02C04\"><\/td>\n<td id=\"table_1_R02C05\"><\/td>\n<\/tr>\n<tr id=\"table_1_R03\">\n<td id=\"table_1_R03C01\">Bokning av Flygning Spaka Sj\u00e4lv och Introduktionsflyg<\/td>\n<td id=\"table_1_R03C02\">info(at)eslovsflygklubb.se<\/td>\n<td id=\"table_1_R03C03\"><\/td>\n<td id=\"table_1_R03C04\"><\/td>\n<td id=\"table_1_R03C05\"><\/td>\n<\/tr>\n<tr id=\"table_1_R04\">\n<td id=\"table_1_R04C01\">Flygutbildning och PPL-teori<\/td>\n<td id=\"table_1_R04C02\">info(at)eslovsflygklubb.se<\/td>\n<td id=\"table_1_R04C03\"><\/td>\n<td id=\"table_1_R04C04\"><\/td>\n<td id=\"table_1_R04C05\"><\/td>\n<\/tr>\n<tr id=\"table_1_R05\">\n<td id=\"table_1_R05C01\">Ekonomi<\/td>\n<td id=\"table_1_R05C02\">kassor(at)eslovsflygklubb.se<\/td>\n<td id=\"table_1_R05C03\"><\/td>\n<td id=\"table_1_R05C04\"><\/td>\n<td id=\"table_1_R05C05\"><\/td>\n<\/tr>\n<tr id=\"table_1_R06\">\n<td id=\"table_1_R06C01\"><\/td>\n<td id=\"table_1_R06C02\"><\/td>\n<td id=\"table_1_R06C03\"><\/td>\n<td id=\"table_1_R06C04\"><\/td>\n<td id=\"table_1_R06C05\"><\/td>\n<\/tr>\n<tr id=\"table_1_R07\">\n<td id=\"table_1_R07C01\"><\/td>\n<td id=\"table_1_R07C02\"><\/td>\n<td id=\"table_1_R07C03\"><\/td>\n<td id=\"table_1_R07C04\"><\/td>\n<td id=\"table_1_R07C05\"><\/td>\n<\/tr>\n<tr id=\"table_1_R08\">\n<td id=\"table_1_R08C01\"><\/td>\n<td id=\"table_1_R08C02\"><\/td>\n<td id=\"table_1_R08C03\"><\/td>\n<td id=\"table_1_R08C04\"><\/td>\n<td id=\"table_1_R08C05\"><\/td>\n<\/tr>\n<tr id=\"table_1_R09\">\n<td id=\"table_1_R09C01\"><\/td>\n<td id=\"table_1_R09C02\"><\/td>\n<td id=\"table_1_R09C03\"><\/td>\n<td id=\"table_1_R09C04\"><\/td>\n<td id=\"table_1_R09C05\"><\/td>\n<\/tr>\n<tr id=\"table_1_R10\">\n<td id=\"table_1_R10C01\"><\/td>\n<td id=\"table_1_R10C02\"><\/td>\n<td id=\"table_1_R10C03\"><\/td>\n<td id=\"table_1_R10C04\"><\/td>\n<td id=\"table_1_R10C05\"><\/td>\n<\/tr>\n<tr id=\"table_1_R11\">\n<td id=\"table_1_R11C01\"><\/td>\n<td id=\"table_1_R11C02\"><\/td>\n<td id=\"table_1_R11C03\"><\/td>\n<td id=\"table_1_R11C04\"><\/td>\n<td id=\"table_1_R11C05\"><\/td>\n<\/tr>\n<tr id=\"table_1_R12\">\n<td id=\"table_1_R12C01\" style=\"text-align: left;\"><\/td>\n<td id=\"table_1_R12C02\"><\/td>\n<td id=\"table_1_R12C03\"><\/td>\n<td id=\"table_1_R12C04\"><\/td>\n<td id=\"table_1_R12C05\"><\/td>\n<\/tr>\n<tr id=\"table_1_R13\">\n<td id=\"table_1_R13C01\"><\/td>\n<td id=\"table_1_R13C02\"><\/td>\n<td id=\"table_1_R13C03\"><\/td>\n<td id=\"table_1_R13C04\"><\/td>\n<td id=\"table_1_R13C05\"><\/td>\n<\/tr>\n<\/tbody>\n<\/table>\n<div id=\"txt_253\"><\/div>\n","protected":false},"excerpt":{"rendered":"<p>\u00a0Esl\u00f6vs Flygklubb Esl\u00f6vs Flygklubb info(at)eslovsflygklubb.se Presentkort Spaka Sj\u00e4lv och Introduktionsflyg kassor(at)eslovsflygklubb.se Bokning av Flygning Spaka Sj\u00e4lv och Introduktionsflyg info(at)eslovsflygklubb.se Flygutbildning och PPL-teori info(at)eslovsflygklubb.se Ekonomi kassor(at)eslovsflygklubb.se<\/p>\n","protected":false},"author":3,"featured_media":0,"parent":0,"menu_order":0,"comment_status":"closed","ping_status":"closed","template":"","meta":{"footnotes":""},"class_list":["post-23","page","type-page","status-publish","hentry"],"_links":{"self":[{"href":"https:\/\/eslovsflygklubb.se\/index.php?rest_route=\/wp\/v2\/pages\/23","targetHints":{"allow":["GET"]}}],"collection":[{"href":"https:\/\/eslovsflygklubb.se\/index.php?rest_route=\/wp\/v2\/pages"}],"about":[{"href":"https:\/\/eslovsflygklubb.se\/index.php?rest_route=\/wp\/v2\/types\/page"}],"author":[{"embeddable":true,"href":"https:\/\/eslovsflygklubb.se\/index.php?rest_route=\/wp\/v2\/users\/3"}],"replies":[{"embeddable":true,"href":"https:\/\/eslovsflygklubb.se\/index.php?rest_route=%2Fwp%2Fv2%2Fcomments&post=23"}],"version-history":[{"count":94,"href":"https:\/\/eslovsflygklubb.se\/index.php?rest_route=\/wp\/v2\/pages\/23\/revisions"}],"predecessor-version":[{"id":2928,"href":"https:\/\/eslovsflygklubb.se\/index.php?rest_route=\/wp\/v2\/pages\/23\/revisions\/2928"}],"wp:attachment":[{"href":"https:\/\/eslovsflygklubb.se\/index.php?rest_route=%2Fwp%2Fv2%2Fmedia&parent=23"}],"curies":[{"name":"wp","href":"https:\/\/api.w.org\/{rel}","templated":true}]}}