{"id":226,"date":"2014-12-06T16:30:36","date_gmt":"2014-12-06T15:30:36","guid":{"rendered":"http:\/\/www.eslovsflygklubb.se\/?page_id=226"},"modified":"2026-04-13T18:04:21","modified_gmt":"2026-04-13T16:04:21","slug":"presentkort","status":"publish","type":"page","link":"https:\/\/eslovsflygklubb.se\/?page_id=226","title":{"rendered":"Presentkort"},"content":{"rendered":"<h6>Sv\u00e5rt att komma p\u00e5\u00a0en g\u00e5va att ge i present?<\/h6>\n<p>Hos Esl\u00f6vs Flygklubb kan ni k\u00f6pa ett presentkort som ger 1 timmes flygning. V\u00e4lj mellan &#8221;Spaka Sj\u00e4lv&#8221; eller &#8221;Flygtur&#8221;<\/p>\n<h6>alt. 1 Spaka Sj\u00e4lv<\/h6>\n<p>Tillsammans med en flygl\u00e4rare flyger du sj\u00e4lv med st\u00f6d under flygningens olika faser. Mottagaren av &#8221;Spaka Sj\u00e4lv&#8221; presentkortet kontaktar en av v\u00e5ra flygl\u00e4rare och bokar tid f\u00f6r flygning. Strax innan flygning blir det genomg\u00e5ng f\u00f6re flygning &#8221;pre flight inspection&#8221;.<\/p>\n<p>Dags att borda flygplanet. L\u00e4raren sitter till h\u00f6ger p\u00e5 &#8221;styrmans sidan&#8221;. I kaptenss\u00e4tet till v\u00e4nster sitter den som skall prova att spaka. L\u00e4raren hj\u00e4lper till i start och landning. P\u00e5 ett s\u00e4kert s\u00e4tt korsar ni lufthavet i cirka 200 km\/tim och f\u00e5r uppleva hur det \u00e4r att flyga \u00f6ver v\u00e5rt fantastiska Sk\u00e5ne.<\/p>\n<p><a href=\"http:\/\/www.eslovsflygklubb.se\/wp-content\/uploads\/2014\/08\/jp2593.jpg\"><img loading=\"lazy\" decoding=\"async\" class=\"alignnone size-large wp-image-101\" src=\"http:\/\/www.eslovsflygklubb.se\/wp-content\/uploads\/2014\/08\/jp2593-1024x682.jpg\" alt=\"jp2593\" width=\"474\" height=\"315\" srcset=\"https:\/\/eslovsflygklubb.se\/wp-content\/uploads\/2014\/08\/jp2593-1024x682.jpg 1024w, https:\/\/eslovsflygklubb.se\/wp-content\/uploads\/2014\/08\/jp2593-300x200.jpg 300w, https:\/\/eslovsflygklubb.se\/wp-content\/uploads\/2014\/08\/jp2593-700x466.jpg 700w, https:\/\/eslovsflygklubb.se\/wp-content\/uploads\/2014\/08\/jp2593-940x626.jpg 940w, https:\/\/eslovsflygklubb.se\/wp-content\/uploads\/2014\/08\/jp2593.jpg 1900w\" sizes=\"auto, (max-width: 474px) 100vw, 474px\" \/><\/a><\/p>\n<p>Ett presentkort f\u00f6r den som \u00e4r intresserad av flyg, teknik eller av v\u00e5r fina natur lite grand fr\u00e5n ovan.<\/p>\n<p><strong>alt. 2 Flygtur<\/strong><\/p>\n<p>Detta presentkortet \u00e4r perfekt om du vill att flera skall kunna \u00e5ka med (max 3 personer vid max startvikt, v\u00e4gning kan f\u00f6rekomma). H\u00e4r \u00e5ker ni med som passagerare med en av v\u00e5ra utvalda privatpiloter. Piloten flyger hela tiden. L\u00e4s g\u00e4rna mer p\u00e5 v\u00e5r l\u00e4nk\u00a0<a href=\"http:\/\/www.eslovsflygklubb.se\/?page_id=634\">Flygturer, \u00e5ka med?<\/a><\/p>\n<h6>Best\u00e4llning av presentkort<\/h6>\n<p>Kontakta v\u00e5r Kass\u00f6r f\u00f6r mer information och best\u00e4llning:<\/p>\n<p>kassor@eslovsflygklubb.se<\/p>\n<p><em>presentkortet g\u00e4ller i ett \u00e5r<\/em><\/p>\n","protected":false},"excerpt":{"rendered":"<p>Sv\u00e5rt att komma p\u00e5\u00a0en g\u00e5va att ge i present? Hos Esl\u00f6vs Flygklubb kan ni k\u00f6pa ett presentkort som ger 1 timmes flygning. V\u00e4lj mellan &#8221;Spaka Sj\u00e4lv&#8221; eller &#8221;Flygtur&#8221; alt. 1 Spaka Sj\u00e4lv Tillsammans med en flygl\u00e4rare flyger du sj\u00e4lv med st\u00f6d under flygningens olika faser. Mottagaren av &#8221;Spaka Sj\u00e4lv&#8221; presentkortet kontaktar en av v\u00e5ra flygl\u00e4rare &hellip; <a href=\"https:\/\/eslovsflygklubb.se\/?page_id=226\" class=\"more-link\">Forts\u00e4tt l\u00e4sa <span class=\"screen-reader-text\">Presentkort<\/span> <span class=\"meta-nav\">&rarr;<\/span><\/a><\/p>\n","protected":false},"author":2,"featured_media":0,"parent":0,"menu_order":0,"comment_status":"closed","ping_status":"closed","template":"","meta":{"footnotes":""},"class_list":["post-226","page","type-page","status-publish","hentry"],"_links":{"self":[{"href":"https:\/\/eslovsflygklubb.se\/index.php?rest_route=\/wp\/v2\/pages\/226","targetHints":{"allow":["GET"]}}],"collection":[{"href":"https:\/\/eslovsflygklubb.se\/index.php?rest_route=\/wp\/v2\/pages"}],"about":[{"href":"https:\/\/eslovsflygklubb.se\/index.php?rest_route=\/wp\/v2\/types\/page"}],"author":[{"embeddable":true,"href":"https:\/\/eslovsflygklubb.se\/index.php?rest_route=\/wp\/v2\/users\/2"}],"replies":[{"embeddable":true,"href":"https:\/\/eslovsflygklubb.se\/index.php?rest_route=%2Fwp%2Fv2%2Fcomments&post=226"}],"version-history":[{"count":10,"href":"https:\/\/eslovsflygklubb.se\/index.php?rest_route=\/wp\/v2\/pages\/226\/revisions"}],"predecessor-version":[{"id":2921,"href":"https:\/\/eslovsflygklubb.se\/index.php?rest_route=\/wp\/v2\/pages\/226\/revisions\/2921"}],"wp:attachment":[{"href":"https:\/\/eslovsflygklubb.se\/index.php?rest_route=%2Fwp%2Fv2%2Fmedia&parent=226"}],"curies":[{"name":"wp","href":"https:\/\/api.w.org\/{rel}","templated":true}]}}