{"id":21,"date":"2014-02-18T10:20:13","date_gmt":"2014-02-18T09:20:13","guid":{"rendered":"http:\/\/www.eslovsflygklubb.se\/?page_id=21"},"modified":"2026-03-07T12:30:57","modified_gmt":"2026-03-07T11:30:57","slug":"eslovs-flygklubb","status":"publish","type":"page","link":"https:\/\/eslovsflygklubb.se\/","title":{"rendered":"Esl\u00f6vs Flygklubb"},"content":{"rendered":"\n<h3 class=\"wp-block-heading\"><strong>V\u00e4lkommen till Sk\u00e5nes&nbsp;Flygcentrum.<a href=\"http:\/\/www.eslovsflygklubb.se\/wp-content\/uploads\/2014\/08\/eslov_logga-2013-PNG-mellan.png\"><img loading=\"lazy\" decoding=\"async\" class=\"wp-image-77 alignright\" src=\"http:\/\/www.eslovsflygklubb.se\/wp-content\/uploads\/2014\/08\/eslov_logga-2013-PNG-mellan-150x150.png\" alt=\"eslov_logga-2013 PNG mellan\" width=\"135\" height=\"135\" srcset=\"https:\/\/eslovsflygklubb.se\/wp-content\/uploads\/2014\/08\/eslov_logga-2013-PNG-mellan-150x150.png 150w, https:\/\/eslovsflygklubb.se\/wp-content\/uploads\/2014\/08\/eslov_logga-2013-PNG-mellan-50x50.png 50w\" sizes=\"auto, (max-width: 135px) 100vw, 135px\" \/><\/a><\/strong><\/h3>\n\n\n\n<p>P\u00e5 promenadavst\u00e5nd ligger&nbsp;flygf\u00e4ltet strax \u00f6ster om Esl\u00f6vs stad.&nbsp;Vi utbildar Piloter, flyger privat, har Flygturer, Fotoflyg och verkstad. V\u00e4lkommen till Esl\u00f6vs Flygklubb.<\/p>\n\n\n\n<p><\/p>\n\n\n\n<p><\/p>\n\n\n\n<h2 class=\"wp-block-heading\">Flygf\u00e4ltets Familjedag 2026 p\u00e5 Esl\u00f6vs Flygf\u00e4lt den 27 juni<\/h2>\n\n\n\n<p>D\u00e5 var det dags at boka in \u00e5rets event i Sk\u00e5ne. F\u00f6rra \u00e5ret blev v\u00e4lbes\u00f6kt med gratis barnflyg, aktiviteter och flyguppvisning. H\u00e5ll utkik mer info kommer.<\/p>\n\n\n\n<figure class=\"wp-block-image size-large\"><a href=\"https:\/\/eslovsflygklubb.se\/wp-content\/uploads\/2025\/01\/IMG_6364.jpg\"><img loading=\"lazy\" decoding=\"async\" width=\"1024\" height=\"673\" src=\"https:\/\/eslovsflygklubb.se\/wp-content\/uploads\/2025\/01\/IMG_6364-1024x673.jpg\" alt=\"\" class=\"wp-image-2821\" srcset=\"https:\/\/eslovsflygklubb.se\/wp-content\/uploads\/2025\/01\/IMG_6364-1024x673.jpg 1024w, https:\/\/eslovsflygklubb.se\/wp-content\/uploads\/2025\/01\/IMG_6364-300x197.jpg 300w, https:\/\/eslovsflygklubb.se\/wp-content\/uploads\/2025\/01\/IMG_6364-768x505.jpg 768w, https:\/\/eslovsflygklubb.se\/wp-content\/uploads\/2025\/01\/IMG_6364-1536x1010.jpg 1536w, https:\/\/eslovsflygklubb.se\/wp-content\/uploads\/2025\/01\/IMG_6364.jpg 1865w\" sizes=\"auto, (max-width: 1024px) 100vw, 1024px\" \/><\/a><figcaption class=\"wp-element-caption\">Flygf\u00e4ltets Familjedag 2024-06-29 med SAR helikoptern p\u00e5 bes\u00f6k. \/ J Prahl<\/figcaption><\/figure>\n\n\n\n<h4 class=\"wp-block-heading\">Ny Pilotkurs startar den 24 januari<\/h4>\n\n\n\n<p>L\u00e4s mer p\u00e5 v\u00e5r sida om PPL\/LAPL kursen  <a href=\"https:\/\/eslovsflygklubb.se\/?page_id=29\" data-type=\"page\" data-id=\"29\" target=\"_blank\" rel=\"noreferrer noopener\">PPL\/LAPL kurs<\/a><\/p>\n\n\n\n<figure class=\"wp-block-image size-large\"><a href=\"https:\/\/eslovsflygklubb.se\/wp-content\/uploads\/2021\/01\/m\u00f6rker1.jpg\"><img loading=\"lazy\" decoding=\"async\" width=\"1024\" height=\"697\" src=\"https:\/\/eslovsflygklubb.se\/wp-content\/uploads\/2021\/01\/m\u00f6rker1-1024x697.jpg\" alt=\"\" class=\"wp-image-2090\" srcset=\"https:\/\/eslovsflygklubb.se\/wp-content\/uploads\/2021\/01\/m\u00f6rker1-1024x697.jpg 1024w, https:\/\/eslovsflygklubb.se\/wp-content\/uploads\/2021\/01\/m\u00f6rker1-300x204.jpg 300w, https:\/\/eslovsflygklubb.se\/wp-content\/uploads\/2021\/01\/m\u00f6rker1-768x523.jpg 768w\" sizes=\"auto, (max-width: 1024px) 100vw, 1024px\" \/><\/a><\/figure>\n\n\n\n<p><\/p>\n\n\n\n<p><\/p>\n\n\n\n<h4 class=\"wp-block-heading\"><strong>God Jul och Gott nytt \u00e5r<\/strong><\/h4>\n\n\n\n<figure class=\"wp-block-image size-large\"><a href=\"https:\/\/eslovsflygklubb.se\/wp-content\/uploads\/2017\/12\/EFK-Jul2017.jpg\"><img loading=\"lazy\" decoding=\"async\" width=\"993\" height=\"1024\" src=\"https:\/\/eslovsflygklubb.se\/wp-content\/uploads\/2017\/12\/EFK-Jul2017-993x1024.jpg\" alt=\"\" class=\"wp-image-934\" srcset=\"https:\/\/eslovsflygklubb.se\/wp-content\/uploads\/2017\/12\/EFK-Jul2017-993x1024.jpg 993w, https:\/\/eslovsflygklubb.se\/wp-content\/uploads\/2017\/12\/EFK-Jul2017-291x300.jpg 291w, https:\/\/eslovsflygklubb.se\/wp-content\/uploads\/2017\/12\/EFK-Jul2017-768x792.jpg 768w, https:\/\/eslovsflygklubb.se\/wp-content\/uploads\/2017\/12\/EFK-Jul2017.jpg 1005w\" sizes=\"auto, (max-width: 993px) 100vw, 993px\" \/><\/a><figcaption class=\"wp-element-caption\">\u00c5rets Julkort fl\u00f6gs 171204 med hj\u00e4lp av SkyDemon (GPS loggad rutt) och v\u00e5r Cessna 152  PIC J Prahl<\/figcaption><\/figure>\n\n\n\n<p><\/p>\n\n\n\n<p><\/p>\n\n\n\n<h4 class=\"wp-block-heading\">Tv\u00e5 nya Piloter i EFK .. stort grattis Alexandru och Erik till PPL certifikaten<\/h4>\n\n\n\n<figure class=\"wp-block-image size-large\"><a href=\"https:\/\/eslovsflygklubb.se\/wp-content\/uploads\/2025\/10\/Alexandru-Pugna-uppflygning-251012.jpg\"><img loading=\"lazy\" decoding=\"async\" width=\"1024\" height=\"629\" src=\"https:\/\/eslovsflygklubb.se\/wp-content\/uploads\/2025\/10\/Alexandru-Pugna-uppflygning-251012-1024x629.jpg\" alt=\"\" class=\"wp-image-2877\" srcset=\"https:\/\/eslovsflygklubb.se\/wp-content\/uploads\/2025\/10\/Alexandru-Pugna-uppflygning-251012-1024x629.jpg 1024w, https:\/\/eslovsflygklubb.se\/wp-content\/uploads\/2025\/10\/Alexandru-Pugna-uppflygning-251012-300x184.jpg 300w, https:\/\/eslovsflygklubb.se\/wp-content\/uploads\/2025\/10\/Alexandru-Pugna-uppflygning-251012-768x472.jpg 768w, https:\/\/eslovsflygklubb.se\/wp-content\/uploads\/2025\/10\/Alexandru-Pugna-uppflygning-251012.jpg 1211w\" sizes=\"auto, (max-width: 1024px) 100vw, 1024px\" \/><\/a><figcaption class=\"wp-element-caption\">Grattis till Alexandru som tog PPL certifikat 2025-10-12<\/figcaption><\/figure>\n\n\n\n<figure class=\"wp-block-image size-large\"><a href=\"https:\/\/eslovsflygklubb.se\/wp-content\/uploads\/2025\/10\/Erik-Eriksson-uppflygning-251012-.jpeg\"><img loading=\"lazy\" decoding=\"async\" width=\"1024\" height=\"718\" src=\"https:\/\/eslovsflygklubb.se\/wp-content\/uploads\/2025\/10\/Erik-Eriksson-uppflygning-251012--1024x718.jpeg\" alt=\"\" class=\"wp-image-2880\" srcset=\"https:\/\/eslovsflygklubb.se\/wp-content\/uploads\/2025\/10\/Erik-Eriksson-uppflygning-251012--1024x718.jpeg 1024w, https:\/\/eslovsflygklubb.se\/wp-content\/uploads\/2025\/10\/Erik-Eriksson-uppflygning-251012--300x210.jpeg 300w, https:\/\/eslovsflygklubb.se\/wp-content\/uploads\/2025\/10\/Erik-Eriksson-uppflygning-251012--768x538.jpeg 768w, https:\/\/eslovsflygklubb.se\/wp-content\/uploads\/2025\/10\/Erik-Eriksson-uppflygning-251012-.jpeg 1171w\" sizes=\"auto, (max-width: 1024px) 100vw, 1024px\" \/><\/a><figcaption class=\"wp-element-caption\">Grattis till Erik som tog PPL certifikat 2025-10-12<\/figcaption><\/figure>\n\n\n\n<h4 class=\"wp-block-heading\">Ny EK elev&#8230; Grattis Anton<\/h4>\n\n\n\n<figure class=\"wp-block-image size-large\"><a href=\"https:\/\/eslovsflygklubb.se\/wp-content\/uploads\/2025\/10\/EK-Anton-Demichev-251002.jpg\"><img loading=\"lazy\" decoding=\"async\" width=\"1024\" height=\"768\" src=\"https:\/\/eslovsflygklubb.se\/wp-content\/uploads\/2025\/10\/EK-Anton-Demichev-251002-1024x768.jpg\" alt=\"\" class=\"wp-image-2872\" srcset=\"https:\/\/eslovsflygklubb.se\/wp-content\/uploads\/2025\/10\/EK-Anton-Demichev-251002-1024x768.jpg 1024w, https:\/\/eslovsflygklubb.se\/wp-content\/uploads\/2025\/10\/EK-Anton-Demichev-251002-300x225.jpg 300w, https:\/\/eslovsflygklubb.se\/wp-content\/uploads\/2025\/10\/EK-Anton-Demichev-251002-768x576.jpg 768w, https:\/\/eslovsflygklubb.se\/wp-content\/uploads\/2025\/10\/EK-Anton-Demichev-251002-1536x1152.jpg 1536w, https:\/\/eslovsflygklubb.se\/wp-content\/uploads\/2025\/10\/EK-Anton-Demichev-251002.jpg 1600w\" sizes=\"auto, (max-width: 1024px) 100vw, 1024px\" \/><\/a><figcaption class=\"wp-element-caption\">Grattis till Anton D som fl\u00f6g EK 2025-10-02. FI Amanda \u00f6vervakade p\u00e5 marken.<\/figcaption><\/figure>\n\n\n\n<h4 class=\"wp-block-heading\">Ta M\u00f6rker beh\u00f6righet i Esl\u00f6v<\/h4>\n\n\n\n<p>Nu k\u00f6r vi ig\u00e5ng \u00e5rets NQ kurs med start 22 oktober kl: 18:00. Mer info kontakta FI Robert Fasth.<\/p>\n\n\n\n<figure class=\"wp-block-image size-large\"><a href=\"https:\/\/eslovsflygklubb.se\/wp-content\/uploads\/2022\/12\/IMG_3939.jpg\"><img loading=\"lazy\" decoding=\"async\" width=\"1024\" height=\"768\" src=\"https:\/\/eslovsflygklubb.se\/wp-content\/uploads\/2022\/12\/IMG_3939-1024x768.jpg\" alt=\"\" class=\"wp-image-2581\" srcset=\"https:\/\/eslovsflygklubb.se\/wp-content\/uploads\/2022\/12\/IMG_3939-1024x768.jpg 1024w, https:\/\/eslovsflygklubb.se\/wp-content\/uploads\/2022\/12\/IMG_3939-300x225.jpg 300w, https:\/\/eslovsflygklubb.se\/wp-content\/uploads\/2022\/12\/IMG_3939-768x576.jpg 768w, https:\/\/eslovsflygklubb.se\/wp-content\/uploads\/2022\/12\/IMG_3939-1536x1152.jpg 1536w, https:\/\/eslovsflygklubb.se\/wp-content\/uploads\/2022\/12\/IMG_3939.jpg 2016w\" sizes=\"auto, (max-width: 1024px) 100vw, 1024px\" \/><\/a><figcaption class=\"wp-element-caption\">M\u00f6rkerlandningst\u00e4vling 2022-12-13 Niklas Kristensson landar. J\u00f6rgen v\u00e4rmer upp GKF p\u00e5 v\u00e4ntplats 30<\/figcaption><\/figure>\n\n\n\n<h4 class=\"wp-block-heading\">Grattis Erik till EK flygprov 23 juni..<\/h4>\n\n\n\n<figure class=\"wp-block-image size-large\"><a href=\"https:\/\/eslovsflygklubb.se\/wp-content\/uploads\/2025\/07\/Erik-Eriksson-EK-250723.jpeg\"><img loading=\"lazy\" decoding=\"async\" width=\"1024\" height=\"768\" src=\"https:\/\/eslovsflygklubb.se\/wp-content\/uploads\/2025\/07\/Erik-Eriksson-EK-250723-1024x768.jpeg\" alt=\"\" class=\"wp-image-2859\" srcset=\"https:\/\/eslovsflygklubb.se\/wp-content\/uploads\/2025\/07\/Erik-Eriksson-EK-250723-1024x768.jpeg 1024w, https:\/\/eslovsflygklubb.se\/wp-content\/uploads\/2025\/07\/Erik-Eriksson-EK-250723-300x225.jpeg 300w, https:\/\/eslovsflygklubb.se\/wp-content\/uploads\/2025\/07\/Erik-Eriksson-EK-250723-768x576.jpeg 768w, https:\/\/eslovsflygklubb.se\/wp-content\/uploads\/2025\/07\/Erik-Eriksson-EK-250723-1536x1152.jpeg 1536w, https:\/\/eslovsflygklubb.se\/wp-content\/uploads\/2025\/07\/Erik-Eriksson-EK-250723.jpeg 1600w\" sizes=\"auto, (max-width: 1024px) 100vw, 1024px\" \/><\/a><figcaption class=\"wp-element-caption\">Grattis till Erik Eriksson som klarade EK flygprovet 23 juni. P\u00e5 marken \u00f6vervakade FI Amanda<\/figcaption><\/figure>\n\n\n\n<h4 class=\"wp-block-heading\">SM guld till Peter Hellstr\u00f6m \/ Esl\u00f6vs Flygklubb<\/h4>\n\n\n\n<figure class=\"wp-block-image size-full\"><a href=\"https:\/\/eslovsflygklubb.se\/wp-content\/uploads\/2025\/07\/SM-guld-Peter-Hellstrom-Skd-250715.jpg\"><img loading=\"lazy\" decoding=\"async\" width=\"994\" height=\"610\" src=\"https:\/\/eslovsflygklubb.se\/wp-content\/uploads\/2025\/07\/SM-guld-Peter-Hellstrom-Skd-250715.jpg\" alt=\"\" class=\"wp-image-2855\" srcset=\"https:\/\/eslovsflygklubb.se\/wp-content\/uploads\/2025\/07\/SM-guld-Peter-Hellstrom-Skd-250715.jpg 994w, https:\/\/eslovsflygklubb.se\/wp-content\/uploads\/2025\/07\/SM-guld-Peter-Hellstrom-Skd-250715-300x184.jpg 300w, https:\/\/eslovsflygklubb.se\/wp-content\/uploads\/2025\/07\/SM-guld-Peter-Hellstrom-Skd-250715-768x471.jpg 768w\" sizes=\"auto, (max-width: 994px) 100vw, 994px\" \/><\/a><\/figure>\n\n\n\n<p>Stort Grattis Peter Hellstr\u00f6m till SM guldet. L\u00e4s g\u00e4rna det fina reportaget i Sk\u00e5nska Dagbladet <a href=\"https:\/\/www.skd.se\/2025-07-15\/eslovsbo-tog-sig-fran-operationsbordet-till-sm-guld-i-precisionsflyg\/?shareSource=sharebutton\" target=\"_blank\" rel=\"noreferrer noopener\">https:\/\/www.skd.se\/2025-07-15\/eslovsbo-tog-sig-fran-operationsbordet-till-sm-guld-i-precisionsflyg\/?shareSource=sharebutton<\/a> <\/p>\n\n\n\n<h4 class=\"wp-block-heading\">Ny Pilot Grattis Fredrik<\/h4>\n\n\n\n<figure class=\"wp-block-image size-large\"><a href=\"https:\/\/eslovsflygklubb.se\/wp-content\/uploads\/2025\/07\/Fredrik-Ahlberg-uppflygning-20250709.jpg\"><img loading=\"lazy\" decoding=\"async\" width=\"768\" height=\"1024\" src=\"https:\/\/eslovsflygklubb.se\/wp-content\/uploads\/2025\/07\/Fredrik-Ahlberg-uppflygning-20250709-768x1024.jpg\" alt=\"\" class=\"wp-image-2852\" srcset=\"https:\/\/eslovsflygklubb.se\/wp-content\/uploads\/2025\/07\/Fredrik-Ahlberg-uppflygning-20250709-768x1024.jpg 768w, https:\/\/eslovsflygklubb.se\/wp-content\/uploads\/2025\/07\/Fredrik-Ahlberg-uppflygning-20250709-225x300.jpg 225w, https:\/\/eslovsflygklubb.se\/wp-content\/uploads\/2025\/07\/Fredrik-Ahlberg-uppflygning-20250709.jpg 867w\" sizes=\"auto, (max-width: 768px) 100vw, 768px\" \/><\/a><figcaption class=\"wp-element-caption\">Stort grattis till Fredrik Ahlberg som gjorde uppflygning till PPL 2025-07-09<\/figcaption><\/figure>\n\n\n\n<p><\/p>\n\n\n\n<p><\/p>\n\n\n\n<h4 class=\"wp-block-heading\">Grattis till nya EK Piloter&#8230; Fredrik, Ahmed och Alexandru<\/h4>\n\n\n\n<figure class=\"wp-block-image size-large\"><a href=\"https:\/\/eslovsflygklubb.se\/wp-content\/uploads\/2025\/06\/EK-Fredrik-Ahlberg-250603.jpg\"><img loading=\"lazy\" decoding=\"async\" width=\"1024\" height=\"768\" src=\"https:\/\/eslovsflygklubb.se\/wp-content\/uploads\/2025\/06\/EK-Fredrik-Ahlberg-250603-1024x768.jpg\" alt=\"\" class=\"wp-image-2848\" srcset=\"https:\/\/eslovsflygklubb.se\/wp-content\/uploads\/2025\/06\/EK-Fredrik-Ahlberg-250603-1024x768.jpg 1024w, https:\/\/eslovsflygklubb.se\/wp-content\/uploads\/2025\/06\/EK-Fredrik-Ahlberg-250603-300x225.jpg 300w, https:\/\/eslovsflygklubb.se\/wp-content\/uploads\/2025\/06\/EK-Fredrik-Ahlberg-250603-768x576.jpg 768w, https:\/\/eslovsflygklubb.se\/wp-content\/uploads\/2025\/06\/EK-Fredrik-Ahlberg-250603-1536x1152.jpg 1536w, https:\/\/eslovsflygklubb.se\/wp-content\/uploads\/2025\/06\/EK-Fredrik-Ahlberg-250603.jpg 1600w\" sizes=\"auto, (max-width: 1024px) 100vw, 1024px\" \/><\/a><figcaption class=\"wp-element-caption\">Grattis till Fredrik Ahlberg som fl\u00f6g godk\u00e4nd EK flygning 2025-06-03. FI Amanda tog bilden<\/figcaption><\/figure>\n\n\n\n<figure class=\"wp-block-image size-large\"><a href=\"https:\/\/eslovsflygklubb.se\/wp-content\/uploads\/2025\/06\/EK-Alexandru-Pugna-250531.jpg\"><img loading=\"lazy\" decoding=\"async\" width=\"1024\" height=\"768\" src=\"https:\/\/eslovsflygklubb.se\/wp-content\/uploads\/2025\/06\/EK-Alexandru-Pugna-250531-1024x768.jpg\" alt=\"Grattis till Alexandru Pugna som fl\u00f6g godk\u00e4nd EK flygning 2025-05-31. FI Amanda tog bilden\" class=\"wp-image-2840\" srcset=\"https:\/\/eslovsflygklubb.se\/wp-content\/uploads\/2025\/06\/EK-Alexandru-Pugna-250531-1024x768.jpg 1024w, https:\/\/eslovsflygklubb.se\/wp-content\/uploads\/2025\/06\/EK-Alexandru-Pugna-250531-300x225.jpg 300w, https:\/\/eslovsflygklubb.se\/wp-content\/uploads\/2025\/06\/EK-Alexandru-Pugna-250531-768x576.jpg 768w, https:\/\/eslovsflygklubb.se\/wp-content\/uploads\/2025\/06\/EK-Alexandru-Pugna-250531-1536x1152.jpg 1536w, https:\/\/eslovsflygklubb.se\/wp-content\/uploads\/2025\/06\/EK-Alexandru-Pugna-250531.jpg 1600w\" sizes=\"auto, (max-width: 1024px) 100vw, 1024px\" \/><\/a><figcaption class=\"wp-element-caption\">Grattis till Alexandru Pugna som fl\u00f6g godk\u00e4nd EK flygning 2025-05-31. FI Amanda tog bilden<\/figcaption><\/figure>\n\n\n\n<figure class=\"wp-block-image size-large\"><a href=\"https:\/\/eslovsflygklubb.se\/wp-content\/uploads\/2025\/06\/EK-Ahmad-Mouhsen-250531.jpg\"><img loading=\"lazy\" decoding=\"async\" width=\"1024\" height=\"768\" src=\"https:\/\/eslovsflygklubb.se\/wp-content\/uploads\/2025\/06\/EK-Ahmad-Mouhsen-250531-1024x768.jpg\" alt=\"Grattis till Ahmad Mouhsen som fl\u00f6g godk\u00e4nd EK flygning 2025-05-31. FI Amanda tog bilden\" class=\"wp-image-2839\" srcset=\"https:\/\/eslovsflygklubb.se\/wp-content\/uploads\/2025\/06\/EK-Ahmad-Mouhsen-250531-1024x768.jpg 1024w, https:\/\/eslovsflygklubb.se\/wp-content\/uploads\/2025\/06\/EK-Ahmad-Mouhsen-250531-300x225.jpg 300w, https:\/\/eslovsflygklubb.se\/wp-content\/uploads\/2025\/06\/EK-Ahmad-Mouhsen-250531-768x576.jpg 768w, https:\/\/eslovsflygklubb.se\/wp-content\/uploads\/2025\/06\/EK-Ahmad-Mouhsen-250531-1536x1152.jpg 1536w, https:\/\/eslovsflygklubb.se\/wp-content\/uploads\/2025\/06\/EK-Ahmad-Mouhsen-250531.jpg 1600w\" sizes=\"auto, (max-width: 1024px) 100vw, 1024px\" \/><\/a><figcaption class=\"wp-element-caption\">Grattis till Ahmad Mouhsen som fl\u00f6g godk\u00e4nd EK flygning 2025-05-31. FI Amanda tog bilden<\/figcaption><\/figure>\n\n\n\n<h2 class=\"wp-block-heading\">Flygtur (introduktionsflyg) f\u00f6r allm\u00e4nheten<\/h2>\n\n\n\n<p>Rapsen st\u00e5r i blom och vi \u00f6ppnar f\u00f6r flygturerna. 1500 kr f\u00f6r 30 minuters flygtid (obs billigare \u00e4n de andra d\u00e5 du r\u00e4knar om flygtiden, vi tar inte betalt f\u00f6r att taxa). Ta med dina v\u00e4nner och dela p\u00e5 kostnaden, max 3 passagerare a\u00b4 75 kg. Skicka ett mejl till info@eslovsflygklubb.se f\u00f6r din f\u00f6rfr\u00e5gan.<\/p>\n\n\n\n<figure class=\"wp-block-image size-large\"><a href=\"https:\/\/eslovsflygklubb.se\/wp-content\/uploads\/2023\/09\/IMG_3450-scaled.jpg\"><img loading=\"lazy\" decoding=\"async\" width=\"1024\" height=\"768\" src=\"https:\/\/eslovsflygklubb.se\/wp-content\/uploads\/2023\/09\/IMG_3450-1024x768.jpg\" alt=\"\" class=\"wp-image-2669\" srcset=\"https:\/\/eslovsflygklubb.se\/wp-content\/uploads\/2023\/09\/IMG_3450-1024x768.jpg 1024w, https:\/\/eslovsflygklubb.se\/wp-content\/uploads\/2023\/09\/IMG_3450-300x225.jpg 300w, https:\/\/eslovsflygklubb.se\/wp-content\/uploads\/2023\/09\/IMG_3450-768x576.jpg 768w, https:\/\/eslovsflygklubb.se\/wp-content\/uploads\/2023\/09\/IMG_3450-1536x1152.jpg 1536w, https:\/\/eslovsflygklubb.se\/wp-content\/uploads\/2023\/09\/IMG_3450-2048x1536.jpg 2048w\" sizes=\"auto, (max-width: 1024px) 100vw, 1024px\" \/><\/a><\/figure>\n\n\n\n<p><\/p>\n\n\n\n<p><\/p>\n\n\n\n<h2 class=\"wp-block-heading\"><\/h2>\n\n\n\n<p><\/p>\n\n\n\n<h2 class=\"wp-block-heading\"><\/h2>\n\n\n\n<h2 class=\"wp-block-heading\">Bli St\u00f6dmedlem\/Supportermedlem i Esl\u00f6vs Flygklubb 150kr \/ \u00e5r<\/h2>\n\n\n\n<p>F\u00f6r dig som \u00e4r flygintresserad, bli Supporter medlem och f\u00f6lj med p\u00e5 aktiviteter. L\u00e4s mer p\u00e5 l\u00e4nken <a href=\"https:\/\/eslovsflygklubb.se\/?page_id=2764\" data-type=\"page\" data-id=\"2764\">Supporter medlem<\/a> alternativt scanna koden och l\u00e4gg en intresseanm\u00e4lan i formul\u00e4ret s\u00e5 kallar vi till tr\u00e4ff i Augusti.<\/p>\n\n\n\n<figure class=\"wp-block-image size-full is-resized\"><a href=\"https:\/\/eslovsflygklubb.se\/wp-content\/uploads\/2024\/06\/Supporter-medlem-EFK.png\"><img loading=\"lazy\" decoding=\"async\" width=\"1023\" height=\"1023\" src=\"https:\/\/eslovsflygklubb.se\/wp-content\/uploads\/2024\/06\/Supporter-medlem-EFK.png\" alt=\"\" class=\"wp-image-2766\" style=\"width:319px;height:auto\" srcset=\"https:\/\/eslovsflygklubb.se\/wp-content\/uploads\/2024\/06\/Supporter-medlem-EFK.png 1023w, https:\/\/eslovsflygklubb.se\/wp-content\/uploads\/2024\/06\/Supporter-medlem-EFK-300x300.png 300w, https:\/\/eslovsflygklubb.se\/wp-content\/uploads\/2024\/06\/Supporter-medlem-EFK-150x150.png 150w, https:\/\/eslovsflygklubb.se\/wp-content\/uploads\/2024\/06\/Supporter-medlem-EFK-768x768.png 768w\" sizes=\"auto, (max-width: 1023px) 100vw, 1023px\" \/><\/a><\/figure>\n\n\n\n<figure class=\"wp-block-image size-large\"><a href=\"https:\/\/eslovsflygklubb.se\/wp-content\/uploads\/2023\/10\/oppet-hus-7-okt.jpg\"><img loading=\"lazy\" decoding=\"async\" width=\"1024\" height=\"768\" src=\"https:\/\/eslovsflygklubb.se\/wp-content\/uploads\/2023\/10\/oppet-hus-7-okt-1024x768.jpg\" alt=\"\" class=\"wp-image-2691\" srcset=\"https:\/\/eslovsflygklubb.se\/wp-content\/uploads\/2023\/10\/oppet-hus-7-okt-1024x768.jpg 1024w, https:\/\/eslovsflygklubb.se\/wp-content\/uploads\/2023\/10\/oppet-hus-7-okt-300x225.jpg 300w, https:\/\/eslovsflygklubb.se\/wp-content\/uploads\/2023\/10\/oppet-hus-7-okt-768x576.jpg 768w, https:\/\/eslovsflygklubb.se\/wp-content\/uploads\/2023\/10\/oppet-hus-7-okt-1536x1152.jpg 1536w, https:\/\/eslovsflygklubb.se\/wp-content\/uploads\/2023\/10\/oppet-hus-7-okt.jpg 2016w\" sizes=\"auto, (max-width: 1024px) 100vw, 1024px\" \/><\/a><\/figure>\n\n\n\n<p><\/p>\n\n\n\n<h6 class=\"wp-block-heading\"><\/h6>\n\n\n\n<h2 class=\"wp-block-heading\">Utblick&#8230;&nbsp;&nbsp;<strong>En bild s\u00e4ger mer \u00e4n 1000 ord&#8230;<\/strong><\/h2>\n\n\n\n<p><strong>Flygtur med F\u00f6rlovning&#8230;.<\/strong><a href=\"http:\/\/www.eslovsflygklubb.se\/wp-content\/uploads\/2020\/05\/Hj\u00e4rta-Nybrostrand-202005008.jpg\" rel=\"attachment wp-att-1886\"><img loading=\"lazy\" decoding=\"async\" class=\"size-large wp-image-1886\" src=\"http:\/\/www.eslovsflygklubb.se\/wp-content\/uploads\/2020\/05\/Hj\u00e4rta-Nybrostrand-202005008-1024x1024.jpg\" alt=\"Love is in the air.. Flygtur med f\u00f6rlovning ombord. Vid Kabusa utanf\u00f6r Nybrostrand 2020-05-08 F\u00e5ngade Joakim b\u00e5de bild och sitt hj\u00e4rta Jessica. Kv\u00e4llen innan byggde Joakim och en v\u00e4n detta fantastiska konstverk. Foto: Joakim Olsson \/Pilot J Prahl\" width=\"474\" height=\"474\" srcset=\"https:\/\/eslovsflygklubb.se\/wp-content\/uploads\/2020\/05\/Hj\u00e4rta-Nybrostrand-202005008-1024x1024.jpg 1024w, https:\/\/eslovsflygklubb.se\/wp-content\/uploads\/2020\/05\/Hj\u00e4rta-Nybrostrand-202005008-150x150.jpg 150w, https:\/\/eslovsflygklubb.se\/wp-content\/uploads\/2020\/05\/Hj\u00e4rta-Nybrostrand-202005008-300x300.jpg 300w, https:\/\/eslovsflygklubb.se\/wp-content\/uploads\/2020\/05\/Hj\u00e4rta-Nybrostrand-202005008-768x768.jpg 768w, https:\/\/eslovsflygklubb.se\/wp-content\/uploads\/2020\/05\/Hj\u00e4rta-Nybrostrand-202005008.jpg 1080w\" sizes=\"auto, (max-width: 474px) 100vw, 474px\" \/><\/a><\/p>\n\n\n\n<p><strong>Love is in the air.. Flygtur med f\u00f6rlovning ombord. <\/strong>Vid Kabusa utanf\u00f6r Nybrostrand 2020-05-08 F\u00e5ngade Joakim b\u00e5de bild och sitt hj\u00e4rta Jessica. Kv\u00e4llen innan byggde Joakim och en v\u00e4n detta fantastiska konstverk. Foto: Joakim Olsson \/Pilot J Prahl<\/p>\n\n\n\n<p><strong>Magiskt \u00f6gonblick i Januari&#8230;<\/strong><a href=\"http:\/\/www.eslovsflygklubb.se\/wp-content\/uploads\/2020\/01\/IMG_1130-1600px.jpg\" rel=\"attachment wp-att-1849\"><img loading=\"lazy\" decoding=\"async\" class=\"size-large wp-image-1849\" src=\"http:\/\/www.eslovsflygklubb.se\/wp-content\/uploads\/2020\/01\/IMG_1130-1600px-1024x641.jpg\" alt=\"&quot;Gyllene timmen&quot;, d\u00e5 allt f\u00e4rgas i guldglitter, ... en sen januarikv\u00e4ll i marginellt VFR v\u00e4der n\u00e5gonstans mellan Esl\u00f6v och Ringsj\u00f6n.\" width=\"474\" height=\"297\" srcset=\"https:\/\/eslovsflygklubb.se\/wp-content\/uploads\/2020\/01\/IMG_1130-1600px-1024x641.jpg 1024w, https:\/\/eslovsflygklubb.se\/wp-content\/uploads\/2020\/01\/IMG_1130-1600px-300x188.jpg 300w, https:\/\/eslovsflygklubb.se\/wp-content\/uploads\/2020\/01\/IMG_1130-1600px-768x481.jpg 768w, https:\/\/eslovsflygklubb.se\/wp-content\/uploads\/2020\/01\/IMG_1130-1600px.jpg 1600w\" sizes=\"auto, (max-width: 474px) 100vw, 474px\" \/><\/a><\/p>\n\n\n\n<p><em>&#8221;Gyllene timmen&#8221;, d\u00e5 allt f\u00e4rgas i guldglitter, &#8230; en sen januarikv\u00e4ll i marginellt VFR v\u00e4der n\u00e5gonstans mellan Esl\u00f6v och Ringsj\u00f6n.<\/em><\/p>\n\n\n\n<p><strong>En gr\u00e5 Novemberdag&#8230;<\/strong><a href=\"http:\/\/www.eslovsflygklubb.se\/wp-content\/uploads\/2019\/11\/Ven-1600px-IMG_0950.jpg\" rel=\"attachment wp-att-1802\"><img loading=\"lazy\" decoding=\"async\" class=\"size-large wp-image-1802\" src=\"http:\/\/www.eslovsflygklubb.se\/wp-content\/uploads\/2019\/11\/Ven-1600px-IMG_0950-1024x654.jpg\" alt=\"Kv\u00e4llssol \u00f6ver Ven. Foto: J\u00f6rgen Prahl\" width=\"474\" height=\"303\" srcset=\"https:\/\/eslovsflygklubb.se\/wp-content\/uploads\/2019\/11\/Ven-1600px-IMG_0950-1024x654.jpg 1024w, https:\/\/eslovsflygklubb.se\/wp-content\/uploads\/2019\/11\/Ven-1600px-IMG_0950-300x192.jpg 300w, https:\/\/eslovsflygklubb.se\/wp-content\/uploads\/2019\/11\/Ven-1600px-IMG_0950-768x491.jpg 768w, https:\/\/eslovsflygklubb.se\/wp-content\/uploads\/2019\/11\/Ven-1600px-IMG_0950.jpg 1600w\" sizes=\"auto, (max-width: 474px) 100vw, 474px\" \/><\/a><\/p>\n\n\n\n<p>Kv\u00e4llssol \u00f6ver Ven. Foto: J\u00f6rgen Prahl<\/p>\n\n\n\n<p><em>En gr\u00e5 Novemberdag kan spricka upp och bjuda p\u00e5 en kv\u00e4llssol som speglar sig i det bl\u00e5 \u00d6resund&#8221; .&nbsp;<\/em><\/p>\n\n\n\n<p><em>&#8221;Flygning f\u00f6r mig handlar om att uppleva och njuta av de stunder d\u00e4r naturens element blir ett bl\u00e4ndande vackert sk\u00e5despel. Ibland blir orden \u00f6verfl\u00f6diga&#8221; \/ J Prahl ordf. EFK.<\/em><\/p>\n\n\n","protected":false},"excerpt":{"rendered":"<p>V\u00e4lkommen till Sk\u00e5nes&nbsp;Flygcentrum. P\u00e5 promenadavst\u00e5nd ligger&nbsp;flygf\u00e4ltet strax \u00f6ster om Esl\u00f6vs stad.&nbsp;Vi utbildar Piloter, flyger privat, har Flygturer, Fotoflyg och verkstad. V\u00e4lkommen till Esl\u00f6vs Flygklubb. Flygf\u00e4ltets Familjedag 2026 p\u00e5 Esl\u00f6vs Flygf\u00e4lt den 27 juni D\u00e5 var det dags at boka in \u00e5rets event i Sk\u00e5ne. F\u00f6rra \u00e5ret blev v\u00e4lbes\u00f6kt med gratis barnflyg, aktiviteter och flyguppvisning. H\u00e5ll &hellip; <a href=\"https:\/\/eslovsflygklubb.se\/\" class=\"more-link\">Forts\u00e4tt l\u00e4sa <span class=\"screen-reader-text\">Esl\u00f6vs Flygklubb<\/span> <span class=\"meta-nav\">&rarr;<\/span><\/a><\/p>\n","protected":false},"author":3,"featured_media":0,"parent":0,"menu_order":0,"comment_status":"closed","ping_status":"closed","template":"","meta":{"footnotes":""},"class_list":["post-21","page","type-page","status-publish","hentry"],"_links":{"self":[{"href":"https:\/\/eslovsflygklubb.se\/index.php?rest_route=\/wp\/v2\/pages\/21","targetHints":{"allow":["GET"]}}],"collection":[{"href":"https:\/\/eslovsflygklubb.se\/index.php?rest_route=\/wp\/v2\/pages"}],"about":[{"href":"https:\/\/eslovsflygklubb.se\/index.php?rest_route=\/wp\/v2\/types\/page"}],"author":[{"embeddable":true,"href":"https:\/\/eslovsflygklubb.se\/index.php?rest_route=\/wp\/v2\/users\/3"}],"replies":[{"embeddable":true,"href":"https:\/\/eslovsflygklubb.se\/index.php?rest_route=%2Fwp%2Fv2%2Fcomments&post=21"}],"version-history":[{"count":657,"href":"https:\/\/eslovsflygklubb.se\/index.php?rest_route=\/wp\/v2\/pages\/21\/revisions"}],"predecessor-version":[{"id":2917,"href":"https:\/\/eslovsflygklubb.se\/index.php?rest_route=\/wp\/v2\/pages\/21\/revisions\/2917"}],"wp:attachment":[{"href":"https:\/\/eslovsflygklubb.se\/index.php?rest_route=%2Fwp%2Fv2%2Fmedia&parent=21"}],"curies":[{"name":"wp","href":"https:\/\/api.w.org\/{rel}","templated":true}]}}