{"id":2088,"date":"2021-01-10T13:12:56","date_gmt":"2021-01-10T12:12:56","guid":{"rendered":"http:\/\/www.eslovsflygklubb.se\/?page_id=2088"},"modified":"2026-04-13T18:12:22","modified_gmt":"2026-04-13T16:12:22","slug":"nq-kurs","status":"publish","type":"page","link":"https:\/\/eslovsflygklubb.se\/?page_id=2088","title":{"rendered":"NQ kurs"},"content":{"rendered":"<p><strong>Bygg p\u00e5\u00a0ditt PPL\u00a0(VFR dager)\u00a0med ett m\u00f6rkerbevis<\/strong>&#8230; D\u00e5 har du m\u00f6jligheten\u00a0att flyga efter att solen g\u00e5tt ner.<\/p>\n<p><a href=\"http:\/\/www.eslovsflygklubb.se\/wp-content\/uploads\/2021\/01\/m\u00f6rker1.jpg\" rel=\"attachment wp-att-2090\"><img loading=\"lazy\" decoding=\"async\" class=\"alignnone size-large wp-image-2090\" src=\"http:\/\/www.eslovsflygklubb.se\/wp-content\/uploads\/2021\/01\/m\u00f6rker1-1024x697.jpg\" alt=\"m\u00f6rker1\" width=\"474\" height=\"323\" srcset=\"https:\/\/eslovsflygklubb.se\/wp-content\/uploads\/2021\/01\/m\u00f6rker1-1024x697.jpg 1024w, https:\/\/eslovsflygklubb.se\/wp-content\/uploads\/2021\/01\/m\u00f6rker1-300x204.jpg 300w, https:\/\/eslovsflygklubb.se\/wp-content\/uploads\/2021\/01\/m\u00f6rker1-768x523.jpg 768w\" sizes=\"auto, (max-width: 474px) 100vw, 474px\" \/><\/a><\/p>\n<p>Att flyga m\u00f6rker \u00e4r ett &#8221;halvt instrumentellt&#8221; l\u00e4ge d\u00e4r du f\u00e5r l\u00e4ra dig att planera, f\u00f6rbereda och utf\u00f6ra\u00a0 flygningar under m\u00f6rker i VMC.\u00a0P\u00e5 kursen bygger du p\u00e5 tekniken med att ta hj\u00e4lp av instrumenten s\u00e5som Horisontgyro, kursgyrot,\u00a0navigering p\u00e5 fyrar mm,<\/p>\n<p><a href=\"http:\/\/www.eslovsflygklubb.se\/wp-content\/uploads\/2021\/01\/m\u00f6rker3.jpg\" rel=\"attachment wp-att-2092\"><img loading=\"lazy\" decoding=\"async\" class=\"alignnone size-large wp-image-2092\" src=\"http:\/\/www.eslovsflygklubb.se\/wp-content\/uploads\/2021\/01\/m\u00f6rker3-1024x768.jpg\" alt=\"m\u00f6rker3\" width=\"474\" height=\"356\" srcset=\"https:\/\/eslovsflygklubb.se\/wp-content\/uploads\/2021\/01\/m\u00f6rker3-1024x768.jpg 1024w, https:\/\/eslovsflygklubb.se\/wp-content\/uploads\/2021\/01\/m\u00f6rker3-300x225.jpg 300w, https:\/\/eslovsflygklubb.se\/wp-content\/uploads\/2021\/01\/m\u00f6rker3-768x576.jpg 768w\" sizes=\"auto, (max-width: 474px) 100vw, 474px\" \/><\/a><\/p>\n<p>Eftersom vi befinner oss &#8221;i rymden&#8221; f\u00e5r vi \u00e4ven l\u00e4ra oss om spatial desorientering och synvillor som tillkommer under den m\u00f6rka delen av dygnet. Du kommer exempelvis att f\u00f6rv\u00e5nas \u00f6ver att se en Cessna 172 som taxar in till plattan, den ser ut att vara betydligt st\u00f6rre \u00e4n i dagsljus.<\/p>\n<p><a href=\"http:\/\/www.eslovsflygklubb.se\/wp-content\/uploads\/2021\/01\/m\u00f6rker2.jpg\" rel=\"attachment wp-att-2091\"><img loading=\"lazy\" decoding=\"async\" class=\"alignnone size-large wp-image-2091\" src=\"http:\/\/www.eslovsflygklubb.se\/wp-content\/uploads\/2021\/01\/m\u00f6rker2-1024x768.jpg\" alt=\"m\u00f6rker2\" width=\"474\" height=\"356\" srcset=\"https:\/\/eslovsflygklubb.se\/wp-content\/uploads\/2021\/01\/m\u00f6rker2-1024x768.jpg 1024w, https:\/\/eslovsflygklubb.se\/wp-content\/uploads\/2021\/01\/m\u00f6rker2-300x225.jpg 300w, https:\/\/eslovsflygklubb.se\/wp-content\/uploads\/2021\/01\/m\u00f6rker2-768x576.jpg 768w\" sizes=\"auto, (max-width: 474px) 100vw, 474px\" \/><\/a><\/p>\n<p>Du som har LAPL och vill ta m\u00f6rkerbeh\u00f6righet beh\u00f6ver f\u00f6rst ta skolning p\u00e5 PPL-utbildningens Instrument timmar innan du kan p\u00e5b\u00f6rja kursen.<\/p>\n<p>Vi k\u00f6r kurser l\u00f6pande i Esl\u00f6v. F\u00f6r mer information kontakta oss p\u00e5 info(at)eslovsflygklubb.se<\/p>\n","protected":false},"excerpt":{"rendered":"<p>Bygg p\u00e5\u00a0ditt PPL\u00a0(VFR dager)\u00a0med ett m\u00f6rkerbevis&#8230; D\u00e5 har du m\u00f6jligheten\u00a0att flyga efter att solen g\u00e5tt ner. Att flyga m\u00f6rker \u00e4r ett &#8221;halvt instrumentellt&#8221; l\u00e4ge d\u00e4r du f\u00e5r l\u00e4ra dig att planera, f\u00f6rbereda och utf\u00f6ra\u00a0 flygningar under m\u00f6rker i VMC.\u00a0P\u00e5 kursen bygger du p\u00e5 tekniken med att ta hj\u00e4lp av instrumenten s\u00e5som Horisontgyro, kursgyrot,\u00a0navigering p\u00e5 fyrar &hellip; <a href=\"https:\/\/eslovsflygklubb.se\/?page_id=2088\" class=\"more-link\">Forts\u00e4tt l\u00e4sa <span class=\"screen-reader-text\">NQ kurs<\/span> <span class=\"meta-nav\">&rarr;<\/span><\/a><\/p>\n","protected":false},"author":2,"featured_media":0,"parent":0,"menu_order":0,"comment_status":"closed","ping_status":"closed","template":"","meta":{"footnotes":""},"class_list":["post-2088","page","type-page","status-publish","hentry"],"_links":{"self":[{"href":"https:\/\/eslovsflygklubb.se\/index.php?rest_route=\/wp\/v2\/pages\/2088","targetHints":{"allow":["GET"]}}],"collection":[{"href":"https:\/\/eslovsflygklubb.se\/index.php?rest_route=\/wp\/v2\/pages"}],"about":[{"href":"https:\/\/eslovsflygklubb.se\/index.php?rest_route=\/wp\/v2\/types\/page"}],"author":[{"embeddable":true,"href":"https:\/\/eslovsflygklubb.se\/index.php?rest_route=\/wp\/v2\/users\/2"}],"replies":[{"embeddable":true,"href":"https:\/\/eslovsflygklubb.se\/index.php?rest_route=%2Fwp%2Fv2%2Fcomments&post=2088"}],"version-history":[{"count":4,"href":"https:\/\/eslovsflygklubb.se\/index.php?rest_route=\/wp\/v2\/pages\/2088\/revisions"}],"predecessor-version":[{"id":2922,"href":"https:\/\/eslovsflygklubb.se\/index.php?rest_route=\/wp\/v2\/pages\/2088\/revisions\/2922"}],"wp:attachment":[{"href":"https:\/\/eslovsflygklubb.se\/index.php?rest_route=%2Fwp%2Fv2%2Fmedia&parent=2088"}],"curies":[{"name":"wp","href":"https:\/\/api.w.org\/{rel}","templated":true}]}}