{"id":2032,"date":"2020-12-28T11:01:45","date_gmt":"2020-12-28T10:01:45","guid":{"rendered":"http:\/\/www.eslovsflygklubb.se\/?page_id=2032"},"modified":"2024-01-20T15:49:44","modified_gmt":"2024-01-20T14:49:44","slug":"medlemssidan","status":"publish","type":"page","link":"https:\/\/eslovsflygklubb.se\/?page_id=2032","title":{"rendered":"Medlemssidan"},"content":{"rendered":"<p><strong>Hej och v\u00e4lkommen till den nya Medlemssidan med exklusiv info till dig som \u00e4r medlem&nbsp;i Esl\u00f6vs Flygklubb.<\/strong><\/p>\n<p>Den f\u00f6rsta l\u00e4nken nedan \u00e4r <span style=\"color: #3366ff;\"><strong>&#8221;\u00c5rskr\u00f6nikan 2020&#8221;<\/strong><\/span> denna sida \u00e4r l\u00e5st och inloggning f\u00e5r man via en notis som vi skickar ut i myweblog.<\/p>\n<p><a href=\"http:\/\/www.eslovsflygklubb.se\/?page_id=2030\">\u00c5rskr\u00f6nika 2020<\/a><\/p>\n<p><a href=\"http:\/\/www.eslovsflygklubb.se\/wp-content\/uploads\/2020\/12\/IMG_1668.jpg\" rel=\"attachment wp-att-2053\"><img loading=\"lazy\" decoding=\"async\" class=\"alignnone size-large wp-image-2053\" src=\"http:\/\/www.eslovsflygklubb.se\/wp-content\/uploads\/2020\/12\/IMG_1668-1024x768.jpg\" alt=\"IMG_1668\" width=\"474\" height=\"356\" srcset=\"https:\/\/eslovsflygklubb.se\/wp-content\/uploads\/2020\/12\/IMG_1668-1024x768.jpg 1024w, https:\/\/eslovsflygklubb.se\/wp-content\/uploads\/2020\/12\/IMG_1668-300x225.jpg 300w, https:\/\/eslovsflygklubb.se\/wp-content\/uploads\/2020\/12\/IMG_1668-768x576.jpg 768w, https:\/\/eslovsflygklubb.se\/wp-content\/uploads\/2020\/12\/IMG_1668.jpg 2016w\" sizes=\"auto, (max-width: 474px) 100vw, 474px\" \/><\/a><\/p>\n<p><\/p>\n<p>Nu finns \u00e4ven <span style=\"color: #3366ff;\"><strong>&#8221;\u00c5rskr\u00f6nikan 2021&#8221; <\/strong><\/span>se notis om inloggning i utskicket fr\u00e5n myWeblog.<\/p>\n<p><a href=\"http:\/\/www.eslovsflygklubb.se\/?page_id=2260\" target=\"_blank\" rel=\"noopener\">\u00c5rskr\u00f6nika 2021<\/a><\/p>\n<p><a href=\"http:\/\/www.eslovsflygklubb.se\/wp-content\/uploads\/2021\/08\/sommargrill-2021.jpg\"><img loading=\"lazy\" decoding=\"async\" class=\"alignnone size-large wp-image-2182\" src=\"http:\/\/www.eslovsflygklubb.se\/wp-content\/uploads\/2021\/08\/sommargrill-2021-724x1024.jpg\" alt=\"\" width=\"474\" height=\"670\" srcset=\"https:\/\/eslovsflygklubb.se\/wp-content\/uploads\/2021\/08\/sommargrill-2021-724x1024.jpg 724w, https:\/\/eslovsflygklubb.se\/wp-content\/uploads\/2021\/08\/sommargrill-2021-212x300.jpg 212w, https:\/\/eslovsflygklubb.se\/wp-content\/uploads\/2021\/08\/sommargrill-2021-768x1086.jpg 768w, https:\/\/eslovsflygklubb.se\/wp-content\/uploads\/2021\/08\/sommargrill-2021.jpg 1240w\" sizes=\"auto, (max-width: 474px) 100vw, 474px\" \/><\/a><\/p>\n\n\n<p><\/p>\n\n\n\n<p><\/p>\n\n\n\n<p>Nu finns \u00e4ven <strong><mark style=\"background-color:rgba(0, 0, 0, 0)\" class=\"has-inline-color has-vivid-cyan-blue-color\">&#8221;\u00c5rskr\u00f6nikan 2022&#8221;<\/mark> <\/strong>se notis om inloggning i utskicket fr\u00e5n myWeblog.<\/p>\n\n\n\n<p>L\u00e4nk till kr\u00f6nikan <a href=\"http:\/\/www.eslovsflygklubb.se\/?page_id=2564\" data-type=\"page\" data-id=\"2564\" target=\"_blank\" rel=\"noreferrer noopener\">\u00c5rskr\u00f6nika 2022<\/a><\/p>\n\n\n\n<p><\/p>\n\n\n\n<p><\/p>\n\n\n\n<p><\/p>\n\n\n\n<p class=\"has-large-font-size\"><strong>Flygf\u00e4ltets Familjedag med Flyguppvisning<\/strong> <strong>29\/6<\/strong><\/p>\n\n\n\n<p><strong>L\u00e4nk till sidan <a href=\"http:\/\/www.eslovsflygklubb.se\/?page_id=2342\" data-type=\"page\" data-id=\"2342\">Flygf\u00e4ltets Familjedag intern info<\/a><\/strong><\/p>\n","protected":false},"excerpt":{"rendered":"<p>Hej och v\u00e4lkommen till den nya Medlemssidan med exklusiv info till dig som \u00e4r medlem&nbsp;i Esl\u00f6vs Flygklubb. Den f\u00f6rsta l\u00e4nken nedan \u00e4r &#8221;\u00c5rskr\u00f6nikan 2020&#8221; denna sida \u00e4r l\u00e5st och inloggning f\u00e5r man via en notis som vi skickar ut i myweblog. \u00c5rskr\u00f6nika 2020 Nu finns \u00e4ven &#8221;\u00c5rskr\u00f6nikan 2021&#8221; se notis om inloggning i utskicket fr\u00e5n &hellip; <a href=\"https:\/\/eslovsflygklubb.se\/?page_id=2032\" class=\"more-link\">Forts\u00e4tt l\u00e4sa <span class=\"screen-reader-text\">Medlemssidan<\/span> <span class=\"meta-nav\">&rarr;<\/span><\/a><\/p>\n","protected":false},"author":2,"featured_media":0,"parent":0,"menu_order":0,"comment_status":"closed","ping_status":"closed","template":"","meta":{"footnotes":""},"class_list":["post-2032","page","type-page","status-publish","hentry"],"_links":{"self":[{"href":"https:\/\/eslovsflygklubb.se\/index.php?rest_route=\/wp\/v2\/pages\/2032","targetHints":{"allow":["GET"]}}],"collection":[{"href":"https:\/\/eslovsflygklubb.se\/index.php?rest_route=\/wp\/v2\/pages"}],"about":[{"href":"https:\/\/eslovsflygklubb.se\/index.php?rest_route=\/wp\/v2\/types\/page"}],"author":[{"embeddable":true,"href":"https:\/\/eslovsflygklubb.se\/index.php?rest_route=\/wp\/v2\/users\/2"}],"replies":[{"embeddable":true,"href":"https:\/\/eslovsflygklubb.se\/index.php?rest_route=%2Fwp%2Fv2%2Fcomments&post=2032"}],"version-history":[{"count":11,"href":"https:\/\/eslovsflygklubb.se\/index.php?rest_route=\/wp\/v2\/pages\/2032\/revisions"}],"predecessor-version":[{"id":2717,"href":"https:\/\/eslovsflygklubb.se\/index.php?rest_route=\/wp\/v2\/pages\/2032\/revisions\/2717"}],"wp:attachment":[{"href":"https:\/\/eslovsflygklubb.se\/index.php?rest_route=%2Fwp%2Fv2%2Fmedia&parent=2032"}],"curies":[{"name":"wp","href":"https:\/\/api.w.org\/{rel}","templated":true}]}}