{"id":189,"date":"2014-09-28T13:08:01","date_gmt":"2014-09-28T11:08:01","guid":{"rendered":"http:\/\/www.eslovsflygklubb.se\/?page_id=189"},"modified":"2024-03-27T18:52:46","modified_gmt":"2024-03-27T17:52:46","slug":"bli-medlem-i-efk","status":"publish","type":"page","link":"https:\/\/eslovsflygklubb.se\/?page_id=189","title":{"rendered":"Bli medlem i EFK"},"content":{"rendered":"<p>Att bli medlem i Esl\u00f6vs Flygklubb\u00a0har flera f\u00f6rdelar.<\/p>\n<p>Vi h\u00e5ller till p\u00e5 ett \u00f6ppet f\u00e4lt med asfalterad bana och flyger \u00e5ret runt. Klubben \u00e4ger egen Banbelysning. N\u00e4rhet till st\u00f6rre st\u00e4der cirka 20 minuter fr\u00e5n Lund. Tillg\u00e5ng till flygmaskiner. N\u00e4rhet till C luft f\u00f6r piloter som vill \u00f6va p\u00e5 st\u00f6rre flygplatser. Du betalar flygtid och f\u00e5r blocktiden &#8221;p\u00e5 k\u00f6pet&#8221;. Klubben \u00e4ger flygverkstad, kortare v\u00e4g till service p\u00e5 v\u00e5ra maskiner.<\/p>\n<p>Huvudmedlem kostar 2700:- \/ \u00e5r (500:- i \u00e5terb\u00e4ring p\u00e5 flygkontot vid deltagande i klubbens aktiviteter)<\/p>\n<p>G\u00e4stmedlem 2200:-\/ \u00e5r (Huvudmedlem i annan KSAK ansluten klubb)<\/p>\n<p>St\u00f6djande medlem 150:-\/\u00e5r (icke flygande medlem)<\/p>\n<p>Bankgiro 371-7592<\/p>\n<p>Skriv g\u00e4rna en rad till oss p\u00e5 info(at)eslovsflygklubb.se eller ring n\u00e5gon i styrelsen f\u00f6r ett studiebes\u00f6k.<\/p>\n<h4>Ans\u00f6kningsblankett<\/h4>\n<p>Blankett <a href=\"http:\/\/www.eslovsflygklubb.se\/wp-content\/uploads\/2024\/03\/medlemsansokan-2024.pdf\" target=\"_blank\" rel=\"noopener\">medlemsans\u00f6kan 2024<\/a><\/p>\n<h6>GDPR Policy f\u00f6r Esl\u00f6vs Flygklubb<\/h6>\n<p><a href=\"http:\/\/www.eslovsflygklubb.se\/wp-content\/uploads\/2018\/09\/EFK-GDPR-policy.pdf\" rel=\"\">EFK GDPR policy<\/a><\/p>\n","protected":false},"excerpt":{"rendered":"<p>Att bli medlem i Esl\u00f6vs Flygklubb\u00a0har flera f\u00f6rdelar. Vi h\u00e5ller till p\u00e5 ett \u00f6ppet f\u00e4lt med asfalterad bana och flyger \u00e5ret runt. Klubben \u00e4ger egen Banbelysning. N\u00e4rhet till st\u00f6rre st\u00e4der cirka 20 minuter fr\u00e5n Lund. Tillg\u00e5ng till flygmaskiner. N\u00e4rhet till C luft f\u00f6r piloter som vill \u00f6va p\u00e5 st\u00f6rre flygplatser. Du betalar flygtid och f\u00e5r &hellip; <a href=\"https:\/\/eslovsflygklubb.se\/?page_id=189\" class=\"more-link\">Forts\u00e4tt l\u00e4sa <span class=\"screen-reader-text\">Bli medlem i EFK<\/span> <span class=\"meta-nav\">&rarr;<\/span><\/a><\/p>\n","protected":false},"author":2,"featured_media":0,"parent":0,"menu_order":0,"comment_status":"closed","ping_status":"closed","template":"","meta":{"footnotes":""},"class_list":["post-189","page","type-page","status-publish","hentry"],"_links":{"self":[{"href":"https:\/\/eslovsflygklubb.se\/index.php?rest_route=\/wp\/v2\/pages\/189","targetHints":{"allow":["GET"]}}],"collection":[{"href":"https:\/\/eslovsflygklubb.se\/index.php?rest_route=\/wp\/v2\/pages"}],"about":[{"href":"https:\/\/eslovsflygklubb.se\/index.php?rest_route=\/wp\/v2\/types\/page"}],"author":[{"embeddable":true,"href":"https:\/\/eslovsflygklubb.se\/index.php?rest_route=\/wp\/v2\/users\/2"}],"replies":[{"embeddable":true,"href":"https:\/\/eslovsflygklubb.se\/index.php?rest_route=%2Fwp%2Fv2%2Fcomments&post=189"}],"version-history":[{"count":17,"href":"https:\/\/eslovsflygklubb.se\/index.php?rest_route=\/wp\/v2\/pages\/189\/revisions"}],"predecessor-version":[{"id":2725,"href":"https:\/\/eslovsflygklubb.se\/index.php?rest_route=\/wp\/v2\/pages\/189\/revisions\/2725"}],"wp:attachment":[{"href":"https:\/\/eslovsflygklubb.se\/index.php?rest_route=%2Fwp%2Fv2%2Fmedia&parent=189"}],"curies":[{"name":"wp","href":"https:\/\/api.w.org\/{rel}","templated":true}]}}