{"id":164,"date":"2014-09-18T20:57:22","date_gmt":"2014-09-18T18:57:22","guid":{"rendered":"http:\/\/www.eslovsflygklubb.se\/?page_id=164"},"modified":"2026-04-22T11:12:22","modified_gmt":"2026-04-22T09:12:22","slug":"flight-crew-info","status":"publish","type":"page","link":"https:\/\/eslovsflygklubb.se\/?page_id=164","title":{"rendered":"Flight Crew info"},"content":{"rendered":"\n<h6 class=\"wp-block-heading\"><figure><a href=\"http:\/\/www.eslovsflygklubb.se\/\/ESME-EFK.jpg\" target=\"_blank\" rel=\"noopener\"><img loading=\"lazy\" decoding=\"async\" class=\" wp-image-166 alignleft\" src=\"http:\/\/www.eslovsflygklubb.se\/wp-content\/uploads\/2014\/09\/c.png\" alt=\"c\" width=\"106\" height=\"107\"><\/a><\/figure>H\u00e4r f\u00f6ljer&nbsp;information till v\u00e5ra flygande bes\u00f6kare.&nbsp;Vi h\u00e4lsar piloter och passagerare varmt v\u00e4lkomna till Esl\u00f6v.<\/h6>\n\n\n\n<h3 class=\"wp-block-heading\" id=\"txt_108\">Esl\u00f6vs Flygplats &#8211; ESME<\/h3>\n\n\n\n<p><strong>Pilot Briefing in English&nbsp; <a href=\"http:\/\/www.eslovsflygklubb.se\/wp-content\/uploads\/2023\/02\/Welcome-to-ESME.pdf\" target=\"_blank\" rel=\"noopener\">Welcome to ESME<\/a><\/strong>&nbsp; &nbsp; &nbsp; &nbsp; &nbsp; &nbsp; &nbsp; &nbsp; &nbsp; &nbsp; &nbsp; &nbsp; &nbsp; &nbsp; &nbsp; &nbsp; &nbsp; &nbsp; &nbsp; &nbsp; &nbsp; &nbsp;&nbsp;<strong>Briefing <\/strong>AROWeb<strong>&nbsp;<a href=\"https:\/\/aro.lfv.se\/\" target=\"_blank\" rel=\"noopener\">aro.lfv.se<\/a>&nbsp; &nbsp; &nbsp; &nbsp; &nbsp; &nbsp; &nbsp; &nbsp; &nbsp; &nbsp; &nbsp; &nbsp; &nbsp; &nbsp; &nbsp; &nbsp; &nbsp; &nbsp; &nbsp; &nbsp; &nbsp; &nbsp; &nbsp; &nbsp; &nbsp; &nbsp; &nbsp; &nbsp; &nbsp; &nbsp; &nbsp; &nbsp; &nbsp; &nbsp; &nbsp; &nbsp; Aktuellt v\u00e4der p\u00e5 Esl\u00f6vs Flygplats:<\/strong><\/p>\n\n\n\n<p><iframe loading=\"lazy\" src=\"https:\/\/weather.eslovsflygklubb.se\/\" width=\"100%\" height=\"700px\" scrolling=\"no\"><\/iframe><\/p>\n\n\n\n<p><span style=\"color: #3366ff;\"><em>OBS! bilden ovan visar aktuellt v\u00e4derl\u00e4ge. Vi h\u00e4mtar r\u00e5data fr\u00e5n v\u00e5r v\u00e4derstation med reservation f\u00f6r felaktigheter i v\u00e4rden\/data\u00f6verf\u00f6ring. <strong>Anv\u00e4nd Vindstruten  \/ Vind-T f\u00f6r bed\u00f6mning och val av bana!<\/strong><\/em><\/span><\/p>\n\n\n\n<p>H\u00e4mta din gratis app till telefonen: Davis WeatherLink, installera och&nbsp;s\u00f6k station i appen: Esl\u00f6vs Flygplats&nbsp; &nbsp;&nbsp;<b>&nbsp;<\/b><a href=\"https:\/\/apps.apple.com\/us\/app\/weatherlink-2-0\/id1304504954\" target=\"_blank\" rel=\"noopener\">i Appstore<\/a>&nbsp;&nbsp;<a href=\"https:\/\/play.google.com\/store\/apps\/details?id=com.davisinstruments.weatherlink&amp;hl=sv\" target=\"_blank\" rel=\"noopener\">i Google play<\/a><\/p>\n\n\n\n<figure class=\"wp-block-image\"><img decoding=\"async\" src=\"https:\/\/www.eslovsflygklubb.se\/ESME-EFK.jpg\" alt=\"\"\/><\/figure>\n\n\n\n<p><\/p>\n\n\n\n<figure class=\"wp-block-image\"><img decoding=\"async\" src=\"http:\/\/www.eslovsflygklubb.se\/EFK-ESME-RW12-30.jpg\" alt=\"\"\/><\/figure>\n\n\n\n<p><\/p>\n\n\n\n<p><strong>Rullbanan 12\/30&nbsp;<\/strong>\u00e4r asfalterad, 799 Meter l\u00e5ng och 20 Meter bred.&nbsp; Banbelysning 12\/30 i drift och \u00e4gs av flygklubben. (se Svenska Flygf\u00e4lt uppdatering MAJ 2024)<\/p>\n\n\n\n<p><strong>Gr\u00e4sstr\u00e5k 06\/24<\/strong> \u00e4r ca 470 Meter l\u00e5ng ( Bana 06 ca 370 Meter l\u00e5ng ) och 30 Meter bred.<\/p>\n\n\n\n<div id=\"txt_252\">\n<p>D\u00e4r finns ett vind-T ungef\u00e4r mitt p\u00e5 f\u00e4ltet, samt en belyst vindstrut vid bana 12\u00b4s \u00e4nde.<\/p>\n<p>Frekvensen f\u00f6r <strong>Esl\u00f6vs Radio \u00e4r 123.150<\/strong>&nbsp; meddela alltid din avsikt innan intr\u00e4de i varvet samt innan man taxar ut p\u00e5 n\u00e5gon bana.<\/p>\n<p>Sommartid och helger \u00e4r det mycket aktivitet med fallsk\u00e4rmshoppning \u00f6ver f\u00e4ltet, lyssna p\u00e5 radion, d\u00e5 de \u00e4r duktiga p\u00e5 att meddela n\u00e4r hoppare \u00e4r p\u00e5 v\u00e4g ner. Hopparna landar oftast \u00d6STER om bana 12 \/ 30 p\u00e5 gr\u00e4set.<\/p>\n<p>Br\u00e4nsle JET A1, 100 LL&nbsp;och&nbsp;91\/96 UL. Sj\u00e4lvservice&nbsp;i v\u00e5r nya automat med kortbetalning&nbsp; (ex. VISA \/ MASTERCARD ) \u00f6ppet H24 (allt br\u00e4nsle&nbsp;s\u00e4ljs beskattat)<\/p>\n<h5>Trafikvarvet<\/h5>\n<p><span style=\"color: #3366ff;\"><b>I SkyDemon&nbsp;finns trafikvarvet&nbsp;inlagt.<\/b><\/span><\/p>\n<p>V\u00e4nstervarv Bana 12&nbsp;&nbsp;&nbsp; H\u00f6gervarv Bana 30&nbsp;&nbsp;&nbsp;&nbsp;&nbsp;&nbsp;&nbsp;&nbsp;&nbsp;&nbsp;&nbsp;&nbsp;&nbsp;&nbsp;&nbsp;&nbsp;&nbsp;&nbsp;&nbsp;&nbsp;&nbsp;&nbsp;&nbsp;&nbsp;&nbsp;&nbsp;&nbsp;&nbsp; Trafikvarvsh\u00f6jd 1300 ft MSL<\/p>\n<p><strong>Google maps karta<\/strong>&nbsp;<a title=\"Karta i google maps\" href=\"https:\/\/www.google.com\/maps\/d\/edit?mid=zZRtDrRcjBj4.kOcXk_XP93lI\" target=\"_blank\" rel=\"noopener\">https:\/\/www.google.com\/maps\/d\/edit?mid=zZRtDrRcjBj4.kOcXk_XP93lI<\/a><\/p>\n<h5>PPR f\u00f6r Start och Landnings\u00f6vningar<\/h5>\n<p>tel 070-554 70 00<\/p>\n<h5>&nbsp;P\u00e5 marken<\/h5>\n<p>Taxa via Bertil till parkering framf\u00f6r plattan p\u00e5 gr\u00e4set (se kartan ovan).<\/p>\n<p>Vid Spaka Sj\u00e4lv arrangemang se detaljerad karta \u00f6ver parkering genom att zooma in trafikvarvskartan enligt ovan l\u00e4nk. Vid dessa dagar rekommenderar vi&nbsp;PIC att b\u00e4ra varselv\u00e4st p\u00e5 airside.<\/p>\n<p>CREW Briefing. N\u00e4r klubbstugan \u00e4r&nbsp;bemannad finns det tillg\u00e5ng till dator&nbsp;f\u00f6r dina f\u00e4rdplaner mm. Det finns kaffe, glass och n\u00e5got att v\u00e4rma fr\u00e5n frysen&nbsp;till sj\u00e4lvkostnad och sj\u00e4lvservering. Under sommaren brukar vi anordna &#8221;grill-fly in&#8221;.<\/p>\n<p>I Esl\u00f6v betalar du ingen landningsavgift. \u00d6nskar du att parkera ditt flygplan under ett l\u00e4ngre bes\u00f6k g\u00e5r det utm\u00e4rkt att f\u00f6rankra det p\u00e5 gr\u00e4sytan invid klubbstugan.&nbsp; (se trafikvarvskartan och zooma in parkering)<\/p>\n<p>Om du vill tv\u00e4tta av flugor och insekter fr\u00e5n vingarna finns det slang och borste vid hangaren.<\/p>\n<h6>Se \u00e4ven g\u00e4llande flygplatskort i Svenska Flygf\u00e4lt samt NOTAM<\/h6>\n<p><a href=\"http:\/\/www.eslovsflygklubb.se\/?page_id=1856\">http:\/\/www.eslovsflygklubb.se\/?page_id=1856<\/a><\/p>\n<\/div>\n","protected":false},"excerpt":{"rendered":"<p>H\u00e4r f\u00f6ljer&nbsp;information till v\u00e5ra flygande bes\u00f6kare.&nbsp;Vi h\u00e4lsar piloter och passagerare varmt v\u00e4lkomna till Esl\u00f6v. Esl\u00f6vs Flygplats &#8211; ESME Pilot Briefing in English&nbsp; Welcome to ESME&nbsp; &nbsp; &nbsp; &nbsp; &nbsp; &nbsp; &nbsp; &nbsp; &nbsp; &nbsp; &nbsp; &nbsp; &nbsp; &nbsp; &nbsp; &nbsp; &nbsp; &nbsp; &nbsp; &nbsp; &nbsp; &nbsp;&nbsp;Briefing AROWeb&nbsp;aro.lfv.se&nbsp; &nbsp; &nbsp; &nbsp; &nbsp; &nbsp; &nbsp; &nbsp; &nbsp; &hellip; <a href=\"https:\/\/eslovsflygklubb.se\/?page_id=164\" class=\"more-link\">Forts\u00e4tt l\u00e4sa <span class=\"screen-reader-text\">Flight Crew info<\/span> <span class=\"meta-nav\">&rarr;<\/span><\/a><\/p>\n","protected":false},"author":2,"featured_media":0,"parent":0,"menu_order":0,"comment_status":"closed","ping_status":"closed","template":"","meta":{"footnotes":""},"class_list":["post-164","page","type-page","status-publish","hentry"],"_links":{"self":[{"href":"https:\/\/eslovsflygklubb.se\/index.php?rest_route=\/wp\/v2\/pages\/164","targetHints":{"allow":["GET"]}}],"collection":[{"href":"https:\/\/eslovsflygklubb.se\/index.php?rest_route=\/wp\/v2\/pages"}],"about":[{"href":"https:\/\/eslovsflygklubb.se\/index.php?rest_route=\/wp\/v2\/types\/page"}],"author":[{"embeddable":true,"href":"https:\/\/eslovsflygklubb.se\/index.php?rest_route=\/wp\/v2\/users\/2"}],"replies":[{"embeddable":true,"href":"https:\/\/eslovsflygklubb.se\/index.php?rest_route=%2Fwp%2Fv2%2Fcomments&post=164"}],"version-history":[{"count":93,"href":"https:\/\/eslovsflygklubb.se\/index.php?rest_route=\/wp\/v2\/pages\/164\/revisions"}],"predecessor-version":[{"id":2926,"href":"https:\/\/eslovsflygklubb.se\/index.php?rest_route=\/wp\/v2\/pages\/164\/revisions\/2926"}],"wp:attachment":[{"href":"https:\/\/eslovsflygklubb.se\/index.php?rest_route=%2Fwp%2Fv2%2Fmedia&parent=164"}],"curies":[{"name":"wp","href":"https:\/\/api.w.org\/{rel}","templated":true}]}}